{"id":10217,"date":"2024-01-02T13:41:52","date_gmt":"2024-01-02T12:41:52","guid":{"rendered":"https:\/\/kanaat.blauer-rhein-agentur.de\/?page_id=10217"},"modified":"2024-01-02T13:46:35","modified_gmt":"2024-01-02T12:46:35","slug":"kudues-gezisi-hakkinda","status":"publish","type":"page","link":"https:\/\/kanaattravel.de\/de\/kudues-gezisi-hakkinda\/","title":{"rendered":"\u00dcber Jerusalem-Reise"},"content":{"rendered":"<p>\u0130nsanl\u0131k tarihi kadar eski, Peygamberler diyar\u0131 olan ve \u2018\u2019etraf\u0131 m\u00fcbarek k\u0131l\u0131nan\u2019\u2019&nbsp;<strong>Mescid-i Aksa<\/strong>\u2019y\u0131 ziyaret etmek ayn\u0131 zamanda Peygamber efendimiz (SAV)\u2019in de tavsiyesine uymak demektir.<\/p>\n\n\n\n<p>Kud\u00fcs; Kur\u2019an\u2019da ad\u0131 ge\u00e7en b\u00fct\u00fcn peygamberlerin ya bizzat ya\u015fad\u0131\u011f\u0131 veya u\u011frad\u0131\u011f\u0131 yerdir. Mira\u00e7\u2019ta da Hz. Peygamber (SAV)\u2019in ilk dura\u011f\u0131 olan&nbsp;<strong>Mescid-i Aksa<\/strong>, y\u00fczy\u0131llar boyu inananlar\u0131n y\u00f6neldi\u011fi bir k\u0131ble olmu\u015ftur. \u0130slam\u2019\u0131n da ilk k\u0131blesi olan&nbsp;<strong>Mescid-i Aksa<\/strong>, \u00fc\u00e7 b\u00fcy\u00fck dinin ortak mukaddes bildi\u011fi ve kabul etti\u011fi bir merkezdir.<\/p>\n\n\n\n<p><strong>Mescid\u2019i Aksa<\/strong>\u2019y\u0131 ziyaret etmek, orda namaz k\u0131lmak ve oran\u0131n fazileti ile ilgili pek \u00e7ok rivayet vard\u0131r. Baz\u0131lar\u0131 \u015funlard\u0131r:<\/p>\n\n\n\n<ol class=\"wp-block-list\">\n<li>Eb\u00fb H\u00fcreyre&nbsp;rad\u0131yallahu anh, Peygamber&nbsp;sallallahu aleyhi ve sellem\u2019in \u015f\u00f6yle buyurdu\u011funu haber vermi\u015ftir:<br>\u201c(\u0130b\u00e2det i\u00e7in) sadece \u015fu \u00fc\u00e7 mescide yolculuk yap\u0131l\u0131r:&nbsp;Mescid-i Har\u00e2m, Mescid-i Nebev\u00ee ve&nbsp;<strong>Mescid-i Aks\u00e2<\/strong>\u2026\u201d&nbsp;(M\u00fcslim, Kit\u00e2bu\u2019l-Hacc)<\/li>\n<\/ol>\n\n\n\n<ol class=\"wp-block-list\" start=\"2\">\n<li>Resulullah (s.a.s)\u2019\u0131n c\u00e2riyesi Meymune (r. anh\u00e2): \u201c<strong>Ey Resulullah! Bize Mescidi Aksa hakk\u0131ndaki h\u00fckm\u00fcn ne oldu\u011funu bildir<\/strong>\u201d dedi. Resulullah (s.a.s.) da \u015f\u00f6yle buyurdu:&nbsp;\u201c<strong>Oraya (Mescidi Aksa\u2019ya) gidin ve i\u00e7inde namaz k\u0131l\u0131n.<\/strong>\u201d&nbsp;(Resulullah s.a.v s\u00f6zlerine daha sonra \u015f\u00f6yle devam etti):&nbsp;\u201c<strong>E\u011fer oraya gidemez ve i\u00e7inde namaz k\u0131lamazsan\u0131z kandillerinde yak\u0131lmak \u00fczere oraya zeytinya\u011f\u0131 g\u00f6nderin.<\/strong>\u201d&nbsp;(Ebu Davud, Kit\u00e2bu\u2019s-Sal\u00e2t, 14)<\/li>\n\n\n\n<li>Peygamber efendimiz (SAV): Abdullah b. \u00d6mer&nbsp;rad\u0131yallahu anh\u00fcma\u2019n\u0131n rivayet etti\u011fi bir hadis-i \u015ferifte \u015f\u00f6yle buyurmu\u015ftur:<\/li>\n<\/ol>\n\n\n\n<p>\u2018\u2018S\u00fcleyman&nbsp;(AS) Mescid\u2019i Aks\u00e2\u2019n\u0131n (beyt-i makdis) in\u015fas\u0131n\u0131 bitirince Allah Te\u00e2l\u00e2\u2019dan \u00fc\u00e7 dilekte bulunmu\u015ftur:<\/p>\n\n\n\n<p>a. Kendisinden sonra kimselere nasip olmayacak bir m\u00fclk ve saltanat<\/p>\n\n\n\n<p>b. Allah\u2019\u0131n h\u00fckm\u00fcne uygun h\u00fck\u00fcm verme g\u00fcc\u00fc ve kabiliyeti.<\/p>\n\n\n\n<p>c.&nbsp;<strong>Yaln\u0131zca namaz k\u0131lmak niyetiyle Mescid-i Aks\u00e2\u2019ya gelenlerin ba\u011f\u0131\u015flanmas\u0131.<\/strong>\u2018\u2018<\/p>\n\n\n\n<p>Daha sonra Hz. Peygamber (SAV)&nbsp;\u015f\u00f6yle devam etti:<\/p>\n\n\n\n<p>\u201cCen\u00e2b-\u0131 Hak, S\u00fcleyman\u2019a bunlardan ilk ikisini vermi\u015ftir. \u00dc\u00e7\u00fcnc\u00fc dile\u011finin de kabul edilmi\u015f olmas\u0131n\u0131 umar\u0131m.\u201d (Ahmed ibnu Hanbel, Nes\u00e2i ve Hakim)<\/p>\n\n\n\n<p>Gerek Kur\u2019an\u2019da \u00f6v\u00fclm\u00fc\u015f ve etraf\u0131 m\u00fcbarek kabul edilmi\u015f olmas\u0131, gerekse de Peygamber efendimiz (SAV) taraf\u0131ndan gidilip ziyaret edilmesi ve i\u00e7inde namaz k\u0131l\u0131nmas\u0131 tavsiye edilmi\u015f olmas\u0131 y\u00f6n\u00fcyle ve de b\u00fct\u00fcn peygamberlerin hat\u0131ralar\u0131n\u0131 yad etmek i\u00e7in olsun Kud\u00fcs ve \u00e7evresi ziyaret edilmeli.<\/p>\n\n\n\n<p>Bu ziyarette ;<\/p>\n\n\n\n<ul class=\"wp-block-list\">\n<li>Hz.\u0130brahim\u2019in dostlu\u011funu ve evlat hasretini,<\/li>\n\n\n\n<li>Hz.Sare\u2019nin \u0130shak ile imtihan\u0131n\u0131,<\/li>\n\n\n\n<li>Hz.Hacer\u2019in \u0130smail ile vefa ve tevekk\u00fcl\u00fcn\u00fc,<\/li>\n\n\n\n<li>Hz.L\u00fbt\u2019un sap\u0131kl\u0131lara kar\u015f\u0131 tavr\u0131n\u0131,<\/li>\n\n\n\n<li>Hz.Yakup\u2019un Yusuf sevgisini,<\/li>\n\n\n\n<li>Hz.Yusuf\u2019un azizli\u011fini,<\/li>\n\n\n\n<li>Hz.Musa\u2019n\u0131n m\u00fccadelesini,<\/li>\n\n\n\n<li>Hz.Davud\u2019un yan\u0131k sesini,<\/li>\n\n\n\n<li>Hz.S\u00fcleyman\u2019in ihti\u015fam\u0131n\u0131,<\/li>\n\n\n\n<li>Hz.Zekeriya ve Hz.Yahya\u2019n\u0131n \u00e7ilelerini,<\/li>\n\n\n\n<li>Hz.Meryem\u2019in iffetini ve saffetini,<\/li>\n\n\n\n<li>Hz.\u0130sa\u2019n\u0131n ruhaniyetini ve \u00e7ilesini<\/li>\n\n\n\n<li>Hz.Muhammed (SAV)\u2019in son peygamberli\u011fini ve b\u00fct\u00fcn enbiyaya imaml\u0131\u011f\u0131n\u0131,<\/li>\n\n\n\n<li>Hz.\u00d6mer\u2019in adaletini,<\/li>\n\n\n\n<li>Selman-\u0131 Farisi\u2019nin fer\u00e2setini,<\/li>\n\n\n\n<li>R\u00e2biat\u00fcl Adeviye\u2019nin kulluk \u015fuurunu,<\/li>\n\n\n\n<li>N\u00fbreddin-i Zengi ve Selahaddin-i Eyy\u00fbbi\u2019nin Kud\u00fcs a\u015fk\u0131n\u0131 ve kahramanl\u0131\u011f\u0131n\u0131,<\/li>\n\n\n\n<li>Ve Osmanl\u0131\u2019n\u0131n yetimlerini<\/li>\n<\/ul>\n\n\n\n<p>G\u00f6recek ve daha nice tarifsiz duygularla bu beldeyi ziyaret etti\u011finize gecikmi\u015f bir \u015f\u00fck\u00fcrle hamd edecek ve h\u00fcz\u00fcnle dolacaks\u0131n\u0131z.<\/p>\n\n\n\n<p>\u0130\u015fte bu duygularla ziyaretinizi yaparken sizlere hizmet etmek i\u00e7in haz\u0131r oldu\u011fumuzu bilmenizi isteriz.<\/p>","protected":false},"excerpt":{"rendered":"<p>\u0130nsanl\u0131k tarihi kadar eski, Peygamberler diyar\u0131 olan ve \u2018\u2019etraf\u0131 m\u00fcbarek k\u0131l\u0131nan\u2019\u2019&nbsp;Mescid-i Aksa\u2019y\u0131 ziyaret etmek ayn\u0131 zamanda Peygamber efendimiz (SAV)\u2019in de tavsiyesine uymak demektir. Kud\u00fcs; Kur\u2019an\u2019da ad\u0131 ge\u00e7en b\u00fct\u00fcn peygamberlerin ya bizzat ya\u015fad\u0131\u011f\u0131 veya u\u011frad\u0131\u011f\u0131 yerdir. Mira\u00e7\u2019ta da Hz. Peygamber (SAV)\u2019in ilk dura\u011f\u0131 olan&nbsp;Mescid-i Aksa, y\u00fczy\u0131llar boyu inananlar\u0131n y\u00f6neldi\u011fi bir k\u0131ble olmu\u015ftur. \u0130slam\u2019\u0131n da ilk k\u0131blesi [&hellip;]<\/p>","protected":false},"author":1,"featured_media":0,"parent":0,"menu_order":0,"comment_status":"closed","ping_status":"closed","template":"","meta":{"footnotes":""},"class_list":["post-10217","page","type-page","status-publish","hentry"],"_links":{"self":[{"href":"https:\/\/kanaattravel.de\/de\/wp-json\/wp\/v2\/pages\/10217","targetHints":{"allow":["GET"]}}],"collection":[{"href":"https:\/\/kanaattravel.de\/de\/wp-json\/wp\/v2\/pages"}],"about":[{"href":"https:\/\/kanaattravel.de\/de\/wp-json\/wp\/v2\/types\/page"}],"author":[{"embeddable":true,"href":"https:\/\/kanaattravel.de\/de\/wp-json\/wp\/v2\/users\/1"}],"replies":[{"embeddable":true,"href":"https:\/\/kanaattravel.de\/de\/wp-json\/wp\/v2\/comments?post=10217"}],"version-history":[{"count":2,"href":"https:\/\/kanaattravel.de\/de\/wp-json\/wp\/v2\/pages\/10217\/revisions"}],"predecessor-version":[{"id":10670,"href":"https:\/\/kanaattravel.de\/de\/wp-json\/wp\/v2\/pages\/10217\/revisions\/10670"}],"wp:attachment":[{"href":"https:\/\/kanaattravel.de\/de\/wp-json\/wp\/v2\/media?parent=10217"}],"curies":[{"name":"wp","href":"https:\/\/api.w.org\/{rel}","templated":true}]}}