{"id":10236,"date":"2024-01-02T14:12:28","date_gmt":"2024-01-02T13:12:28","guid":{"rendered":"https:\/\/kanaat.blauer-rhein-agentur.de\/?page_id=10236"},"modified":"2024-01-02T15:08:38","modified_gmt":"2024-01-02T14:08:38","slug":"say","status":"publish","type":"page","link":"https:\/\/kanaattravel.de\/de\/say\/","title":{"rendered":"Sa&#8217;y"},"content":{"rendered":"<div data-elementor-type=\"wp-page\" data-elementor-id=\"10236\" class=\"elementor elementor-10236\">\n\t\t\t\t\t\t<div class=\"elementor-inner\">\n\t\t\t\t<div class=\"elementor-section-wrap\">\n\t\t\t\t\t\t\t\t\t<section class=\"elementor-section elementor-top-section elementor-element elementor-element-e9d7412 elementor-section-boxed elementor-section-height-default elementor-section-height-default\" data-id=\"e9d7412\" data-element_type=\"section\">\n\t\t\t\t\t\t<div class=\"elementor-container elementor-column-gap-default\">\n\t\t\t\t\t\t\t<div class=\"elementor-row\">\n\t\t\t\t\t<div class=\"elementor-column elementor-col-100 elementor-top-column elementor-element elementor-element-39a3dd2\" data-id=\"39a3dd2\" data-element_type=\"column\">\n\t\t\t<div class=\"elementor-column-wrap elementor-element-populated\">\n\t\t\t\t\t\t\t<div class=\"elementor-widget-wrap\">\n\t\t\t\t\t\t<div class=\"elementor-element elementor-element-5fdfdfb elementor-widget elementor-widget-accordion\" data-id=\"5fdfdfb\" data-element_type=\"widget\" data-widget_type=\"accordion.default\">\n\t\t\t\t<div class=\"elementor-widget-container\">\n\t\t\t<style>\/*! elementor - v3.18.0 - 20-12-2023 *\/\n.elementor-accordion{text-align:left}.elementor-accordion .elementor-accordion-item{border:1px solid #d5d8dc}.elementor-accordion .elementor-accordion-item+.elementor-accordion-item{border-top:none}.elementor-accordion .elementor-tab-title{margin:0;padding:15px 20px;font-weight:700;line-height:1;cursor:pointer;outline:none}.elementor-accordion .elementor-tab-title .elementor-accordion-icon{display:inline-block;width:1.5em}.elementor-accordion .elementor-tab-title .elementor-accordion-icon svg{width:1em;height:1em}.elementor-accordion .elementor-tab-title .elementor-accordion-icon.elementor-accordion-icon-right{float:right;text-align:right}.elementor-accordion .elementor-tab-title .elementor-accordion-icon.elementor-accordion-icon-left{float:left;text-align:left}.elementor-accordion .elementor-tab-title .elementor-accordion-icon .elementor-accordion-icon-closed{display:block}.elementor-accordion .elementor-tab-title .elementor-accordion-icon .elementor-accordion-icon-opened,.elementor-accordion .elementor-tab-title.elementor-active .elementor-accordion-icon-closed{display:none}.elementor-accordion .elementor-tab-title.elementor-active .elementor-accordion-icon-opened{display:block}.elementor-accordion .elementor-tab-content{display:none;padding:15px 20px;border-top:1px solid #d5d8dc}@media (max-width:767px){.elementor-accordion .elementor-tab-title{padding:12px 15px}.elementor-accordion .elementor-tab-title .elementor-accordion-icon{width:1.2em}.elementor-accordion .elementor-tab-content{padding:7px 15px}}.e-con-inner>.elementor-widget-accordion,.e-con>.elementor-widget-accordion{width:var(--container-widget-width);--flex-grow:var(--container-widget-flex-grow)}<\/style>\t\t<div class=\"elementor-accordion\">\n\t\t\t\t\t\t\t<div class=\"elementor-accordion-item\">\n\t\t\t\t\t<div id=\"elementor-tab-title-1001\" class=\"elementor-tab-title\" data-tab=\"1\" role=\"button\" aria-controls=\"elementor-tab-content-1001\" aria-expanded=\"false\">\n\t\t\t\t\t\t\t\t\t\t\t\t\t<span class=\"elementor-accordion-icon elementor-accordion-icon-left\" aria-hidden=\"true\">\n\t\t\t\t\t\t\t\t\t\t\t\t\t\t\t<span class=\"elementor-accordion-icon-closed\"><svg class=\"e-font-icon-svg e-fas-plus\" viewbox=\"0 0 448 512\" xmlns=\"http:\/\/www.w3.org\/2000\/svg\"><path d=\"M416 208H272V64c0-17.67-14.33-32-32-32h-32c-17.67 0-32 14.33-32 32v144H32c-17.67 0-32 14.33-32 32v32c0 17.67 14.33 32 32 32h144v144c0 17.67 14.33 32 32 32h32c17.67 0 32-14.33 32-32V304h144c17.67 0 32-14.33 32-32v-32c0-17.67-14.33-32-32-32z\"><\/path><\/svg><\/span>\n\t\t\t\t\t\t\t\t<span class=\"elementor-accordion-icon-opened\"><svg class=\"e-font-icon-svg e-fas-minus\" viewbox=\"0 0 448 512\" xmlns=\"http:\/\/www.w3.org\/2000\/svg\"><path d=\"M416 208H32c-17.67 0-32 14.33-32 32v32c0 17.67 14.33 32 32 32h384c17.67 0 32-14.33 32-32v-32c0-17.67-14.33-32-32-32z\"><\/path><\/svg><\/span>\n\t\t\t\t\t\t\t\t\t\t\t\t\t\t<\/span>\n\t\t\t\t\t\t\t\t\t\t\t\t<a class=\"elementor-accordion-title\" tabindex=\"0\">Sa\u2019y nedir?<\/a>\n\t\t\t\t\t<\/div>\n\t\t\t\t\t<div id=\"elementor-tab-content-1001\" class=\"elementor-tab-content elementor-clearfix\" data-tab=\"1\" role=\"region\" aria-labelledby=\"elementor-tab-title-1001\"><p>Sa\u2019y, K\u00e2be\u2019nin do\u011fusundaki Saf\u00e2 ile Merve denilen iki tepe aras\u0131nda y\u00fcr\u00fcmek demektir. Hacc\u0131n asl\u00ee v\u00e2ciplerinden biridir, terk edilirse ceza kurban\u0131 kesmek gerekir.<\/p><\/div>\n\t\t\t\t<\/div>\n\t\t\t\t\t\t\t<div class=\"elementor-accordion-item\">\n\t\t\t\t\t<div id=\"elementor-tab-title-1002\" class=\"elementor-tab-title\" data-tab=\"2\" role=\"button\" aria-controls=\"elementor-tab-content-1002\" aria-expanded=\"false\">\n\t\t\t\t\t\t\t\t\t\t\t\t\t<span class=\"elementor-accordion-icon elementor-accordion-icon-left\" aria-hidden=\"true\">\n\t\t\t\t\t\t\t\t\t\t\t\t\t\t\t<span class=\"elementor-accordion-icon-closed\"><svg class=\"e-font-icon-svg e-fas-plus\" viewbox=\"0 0 448 512\" xmlns=\"http:\/\/www.w3.org\/2000\/svg\"><path d=\"M416 208H272V64c0-17.67-14.33-32-32-32h-32c-17.67 0-32 14.33-32 32v144H32c-17.67 0-32 14.33-32 32v32c0 17.67 14.33 32 32 32h144v144c0 17.67 14.33 32 32 32h32c17.67 0 32-14.33 32-32V304h144c17.67 0 32-14.33 32-32v-32c0-17.67-14.33-32-32-32z\"><\/path><\/svg><\/span>\n\t\t\t\t\t\t\t\t<span class=\"elementor-accordion-icon-opened\"><svg class=\"e-font-icon-svg e-fas-minus\" viewbox=\"0 0 448 512\" xmlns=\"http:\/\/www.w3.org\/2000\/svg\"><path d=\"M416 208H32c-17.67 0-32 14.33-32 32v32c0 17.67 14.33 32 32 32h384c17.67 0 32-14.33 32-32v-32c0-17.67-14.33-32-32-32z\"><\/path><\/svg><\/span>\n\t\t\t\t\t\t\t\t\t\t\t\t\t\t<\/span>\n\t\t\t\t\t\t\t\t\t\t\t\t<a class=\"elementor-accordion-title\" tabindex=\"0\">Sa\u2019yin ge\u00e7erli olmas\u0131n\u0131n farzlar\u0131 nelerdir?<\/a>\n\t\t\t\t\t<\/div>\n\t\t\t\t\t<div id=\"elementor-tab-content-1002\" class=\"elementor-tab-content elementor-clearfix\" data-tab=\"2\" role=\"region\" aria-labelledby=\"elementor-tab-title-1002\"><ol><li>Hac sa\u2019yini hac aylar\u0131 i\u00e7inde yapmak.<\/li><li>Sa\u2019yi ge\u00e7erli bir tavaftan sonra yapmak.<\/li><li>Sa\u2019yi Saf\u00e2 ve Merve tepeleri aras\u0131nda yapmak.<\/li><li>Sa\u2019ye Saf\u00e2\u2019dan ba\u015flay\u0131p Merve\u2019de bitirmek.<\/li><li>Sa\u2019yin en az d\u00f6rt \u015favt\u0131n\u0131 yapmak.<\/li><\/ol><\/div>\n\t\t\t\t<\/div>\n\t\t\t\t\t\t\t<div class=\"elementor-accordion-item\">\n\t\t\t\t\t<div id=\"elementor-tab-title-1003\" class=\"elementor-tab-title\" data-tab=\"3\" role=\"button\" aria-controls=\"elementor-tab-content-1003\" aria-expanded=\"false\">\n\t\t\t\t\t\t\t\t\t\t\t\t\t<span class=\"elementor-accordion-icon elementor-accordion-icon-left\" aria-hidden=\"true\">\n\t\t\t\t\t\t\t\t\t\t\t\t\t\t\t<span class=\"elementor-accordion-icon-closed\"><svg class=\"e-font-icon-svg e-fas-plus\" viewbox=\"0 0 448 512\" xmlns=\"http:\/\/www.w3.org\/2000\/svg\"><path d=\"M416 208H272V64c0-17.67-14.33-32-32-32h-32c-17.67 0-32 14.33-32 32v144H32c-17.67 0-32 14.33-32 32v32c0 17.67 14.33 32 32 32h144v144c0 17.67 14.33 32 32 32h32c17.67 0 32-14.33 32-32V304h144c17.67 0 32-14.33 32-32v-32c0-17.67-14.33-32-32-32z\"><\/path><\/svg><\/span>\n\t\t\t\t\t\t\t\t<span class=\"elementor-accordion-icon-opened\"><svg class=\"e-font-icon-svg e-fas-minus\" viewbox=\"0 0 448 512\" xmlns=\"http:\/\/www.w3.org\/2000\/svg\"><path d=\"M416 208H32c-17.67 0-32 14.33-32 32v32c0 17.67 14.33 32 32 32h384c17.67 0 32-14.33 32-32v-32c0-17.67-14.33-32-32-32z\"><\/path><\/svg><\/span>\n\t\t\t\t\t\t\t\t\t\t\t\t\t\t<\/span>\n\t\t\t\t\t\t\t\t\t\t\t\t<a class=\"elementor-accordion-title\" tabindex=\"0\">Sa\u2019ye Merve tepesinden ba\u015flan\u0131rsa ne yapmak gerekir?<\/a>\n\t\t\t\t\t<\/div>\n\t\t\t\t\t<div id=\"elementor-tab-content-1003\" class=\"elementor-tab-content elementor-clearfix\" data-tab=\"3\" role=\"region\" aria-labelledby=\"elementor-tab-title-1003\"><p>Sa\u2019ye Merve tepesinden ba\u015flan\u0131lmaz. \u015eayet Merve\u2019den ba\u015flan\u0131rsa bu \u015favt ge\u00e7erli olmaz. Saf\u00e2\u2019dan ba\u015flanan birinci \u015favt say\u0131l\u0131r.<\/p><\/div>\n\t\t\t\t<\/div>\n\t\t\t\t\t\t\t<div class=\"elementor-accordion-item\">\n\t\t\t\t\t<div id=\"elementor-tab-title-1004\" class=\"elementor-tab-title\" data-tab=\"4\" role=\"button\" aria-controls=\"elementor-tab-content-1004\" aria-expanded=\"false\">\n\t\t\t\t\t\t\t\t\t\t\t\t\t<span class=\"elementor-accordion-icon elementor-accordion-icon-left\" aria-hidden=\"true\">\n\t\t\t\t\t\t\t\t\t\t\t\t\t\t\t<span class=\"elementor-accordion-icon-closed\"><svg class=\"e-font-icon-svg e-fas-plus\" viewbox=\"0 0 448 512\" xmlns=\"http:\/\/www.w3.org\/2000\/svg\"><path d=\"M416 208H272V64c0-17.67-14.33-32-32-32h-32c-17.67 0-32 14.33-32 32v144H32c-17.67 0-32 14.33-32 32v32c0 17.67 14.33 32 32 32h144v144c0 17.67 14.33 32 32 32h32c17.67 0 32-14.33 32-32V304h144c17.67 0 32-14.33 32-32v-32c0-17.67-14.33-32-32-32z\"><\/path><\/svg><\/span>\n\t\t\t\t\t\t\t\t<span class=\"elementor-accordion-icon-opened\"><svg class=\"e-font-icon-svg e-fas-minus\" viewbox=\"0 0 448 512\" xmlns=\"http:\/\/www.w3.org\/2000\/svg\"><path d=\"M416 208H32c-17.67 0-32 14.33-32 32v32c0 17.67 14.33 32 32 32h384c17.67 0 32-14.33 32-32v-32c0-17.67-14.33-32-32-32z\"><\/path><\/svg><\/span>\n\t\t\t\t\t\t\t\t\t\t\t\t\t\t<\/span>\n\t\t\t\t\t\t\t\t\t\t\t\t<a class=\"elementor-accordion-title\" tabindex=\"0\">Sa\u2019y\u2019in v\u00e2cipleri nelerdir?<\/a>\n\t\t\t\t\t<\/div>\n\t\t\t\t\t<div id=\"elementor-tab-content-1004\" class=\"elementor-tab-content elementor-clearfix\" data-tab=\"4\" role=\"region\" aria-labelledby=\"elementor-tab-title-1004\"><ol><li>Sa\u2019yi ge\u00e7erli bir mazereti olmayanlar\u0131n y\u00fcr\u00fcyerek yapmas\u0131.<\/li><li>Sa\u2019yi 7 \u015favta tamamlamak. Saf\u00e2\u2019dan Merve gidi\u015f bir \u015favt oldu\u011fu gibi Merve\u2019den Saf\u00e2\u2019ya geli\u015f de bir \u015favtt\u0131r.<\/li><li>Hac ve Umre sa\u2019yini ge\u00e7erli bir tavaftan sonra yapmak.<\/li><li>Saf\u00e2 ve Merve aras\u0131ndaki mesafenin tamam\u0131n\u0131 y\u00fcr\u00fcmek.<\/li><\/ol><\/div>\n\t\t\t\t<\/div>\n\t\t\t\t\t\t\t<div class=\"elementor-accordion-item\">\n\t\t\t\t\t<div id=\"elementor-tab-title-1005\" class=\"elementor-tab-title\" data-tab=\"5\" role=\"button\" aria-controls=\"elementor-tab-content-1005\" aria-expanded=\"false\">\n\t\t\t\t\t\t\t\t\t\t\t\t\t<span class=\"elementor-accordion-icon elementor-accordion-icon-left\" aria-hidden=\"true\">\n\t\t\t\t\t\t\t\t\t\t\t\t\t\t\t<span class=\"elementor-accordion-icon-closed\"><svg class=\"e-font-icon-svg e-fas-plus\" viewbox=\"0 0 448 512\" xmlns=\"http:\/\/www.w3.org\/2000\/svg\"><path d=\"M416 208H272V64c0-17.67-14.33-32-32-32h-32c-17.67 0-32 14.33-32 32v144H32c-17.67 0-32 14.33-32 32v32c0 17.67 14.33 32 32 32h144v144c0 17.67 14.33 32 32 32h32c17.67 0 32-14.33 32-32V304h144c17.67 0 32-14.33 32-32v-32c0-17.67-14.33-32-32-32z\"><\/path><\/svg><\/span>\n\t\t\t\t\t\t\t\t<span class=\"elementor-accordion-icon-opened\"><svg class=\"e-font-icon-svg e-fas-minus\" viewbox=\"0 0 448 512\" xmlns=\"http:\/\/www.w3.org\/2000\/svg\"><path d=\"M416 208H32c-17.67 0-32 14.33-32 32v32c0 17.67 14.33 32 32 32h384c17.67 0 32-14.33 32-32v-32c0-17.67-14.33-32-32-32z\"><\/path><\/svg><\/span>\n\t\t\t\t\t\t\t\t\t\t\t\t\t\t<\/span>\n\t\t\t\t\t\t\t\t\t\t\t\t<a class=\"elementor-accordion-title\" tabindex=\"0\">Sa\u2019y\u2019in s\u00fcnnetleri nelerdir?<\/a>\n\t\t\t\t\t<\/div>\n\t\t\t\t\t<div id=\"elementor-tab-content-1005\" class=\"elementor-tab-content elementor-clearfix\" data-tab=\"5\" role=\"region\" aria-labelledby=\"elementor-tab-title-1005\"><ol><li>Tavaftan hemen sonra tavaf namaz\u0131 k\u0131larak sa\u2019y\u2019e ba\u015flamak.<\/li><li>Sa\u2019y\u2019i abdestli olarak yapmak.<\/li><li>Elbisede veya bedende namaza mani bir pisli\u011fin bulunmamas\u0131.<\/li><li>Her \u015favtta Saf\u00e2 ve Merve tepeleri aras\u0131ndaki iki ye\u015fil direk aras\u0131nda hervele yapmak. Hervele, ko\u015fma ile y\u00fcr\u00fcme aras\u0131nda canl\u0131, din\u00e7 ve \u00e7al\u0131ml\u0131 y\u00fcr\u00fcy\u00fc\u015fe denir. Han\u0131mlar hervele yapmazlar.<\/li><li>Sa\u2019y esnas\u0131nda tekbir, tehlil ve sal\u00e2vat getirmek. Dua etmek.<\/li><li>Sa\u2019yin \u015favtlar\u0131n\u0131 pe\u015f pe\u015fe yapmak.<\/li><li>Her \u015favtta Saf\u00e2 ile Merve tepelerine \u00e7\u0131k\u0131ld\u0131\u011f\u0131nda de y\u00fcz\u00fcn\u00fc K\u00e2be\u2019ye d\u00f6n\u00fcp tekbir, tehlil ve dua etmek.<\/li><\/ol><\/div>\n\t\t\t\t<\/div>\n\t\t\t\t\t\t\t<div class=\"elementor-accordion-item\">\n\t\t\t\t\t<div id=\"elementor-tab-title-1006\" class=\"elementor-tab-title\" data-tab=\"6\" role=\"button\" aria-controls=\"elementor-tab-content-1006\" aria-expanded=\"false\">\n\t\t\t\t\t\t\t\t\t\t\t\t\t<span class=\"elementor-accordion-icon elementor-accordion-icon-left\" aria-hidden=\"true\">\n\t\t\t\t\t\t\t\t\t\t\t\t\t\t\t<span class=\"elementor-accordion-icon-closed\"><svg class=\"e-font-icon-svg e-fas-plus\" viewbox=\"0 0 448 512\" xmlns=\"http:\/\/www.w3.org\/2000\/svg\"><path d=\"M416 208H272V64c0-17.67-14.33-32-32-32h-32c-17.67 0-32 14.33-32 32v144H32c-17.67 0-32 14.33-32 32v32c0 17.67 14.33 32 32 32h144v144c0 17.67 14.33 32 32 32h32c17.67 0 32-14.33 32-32V304h144c17.67 0 32-14.33 32-32v-32c0-17.67-14.33-32-32-32z\"><\/path><\/svg><\/span>\n\t\t\t\t\t\t\t\t<span class=\"elementor-accordion-icon-opened\"><svg class=\"e-font-icon-svg e-fas-minus\" viewbox=\"0 0 448 512\" xmlns=\"http:\/\/www.w3.org\/2000\/svg\"><path d=\"M416 208H32c-17.67 0-32 14.33-32 32v32c0 17.67 14.33 32 32 32h384c17.67 0 32-14.33 32-32v-32c0-17.67-14.33-32-32-32z\"><\/path><\/svg><\/span>\n\t\t\t\t\t\t\t\t\t\t\t\t\t\t<\/span>\n\t\t\t\t\t\t\t\t\t\t\t\t<a class=\"elementor-accordion-title\" tabindex=\"0\">Sa\u2019y nas\u0131l yap\u0131l\u0131r?<\/a>\n\t\t\t\t\t<\/div>\n\t\t\t\t\t<div id=\"elementor-tab-content-1006\" class=\"elementor-tab-content elementor-clearfix\" data-tab=\"6\" role=\"region\" aria-labelledby=\"elementor-tab-title-1006\"><p>Tavaf namaz\u0131n\u0131 k\u0131l\u0131p Zemzem i\u00e7tikten sonra, tekrar Hacer\u00fc\u2019l-Esved\u2019e d\u00f6n\u00fcl\u00fcr, \u00f6p\u00fcl\u00fcr veya el s\u00fcr\u00fcl\u00fcr, yahut da bunlar m\u00fcmk\u00fcn olmazsa uzaktan istil\u00e2m edilir. Sonra Saf\u00e2 tepesine \u00e7\u0131k\u0131l\u0131r. Bakara s\u00fbresinin 158. ayeti,<\/p><blockquote><p>\u201cSaf\u00e2 ile Merve Allah\u2019\u0131n belirledi\u011fi ni\u015fanelerdendir. Kim hac veya umre niyetiyle K\u00e2be\u2019yi ziyaret ederse oralar\u0131 tavaf etmesinde bir beis yoktur. Her kim de, farz olmad\u0131\u011f\u0131 halde g\u00f6nl\u00fcnden koparak bir hay\u0131r i\u015flerse, m\u00fck\u00e2fat\u0131n\u0131 g\u00f6r\u00fcr. Zira Allah \u015f\u00fckr\u00fcn kar\u015f\u0131l\u0131\u011f\u0131n\u0131 verir. O, az amele \u00e7ok m\u00fck\u00e2fat veren ve her \u015feyi bilendir.\u201d okunduktan sonra K\u00e2be\u2019ye y\u00f6nelik olarak eller havaya kald\u0131r\u0131l\u0131r ve \u00fc\u00e7 defa tekbir getirilir; tehlil, tahmid ve sal\u00e2vatlar getirilir ve istenen dualar yap\u0131l\u0131r. Sonra sa\u2019y etmeye niyet edilerek Merve\u2019ye do\u011fru vakarla y\u00fcr\u00fcnmeye ba\u015flan\u0131r. Ye\u015fil \u0131\u015f\u0131kl\u0131 iki direk aras\u0131nda ko\u015fma ile y\u00fcr\u00fcme aras\u0131nda \u00e7al\u0131ml\u0131 \u00e7al\u0131ml\u0131 y\u00fcr\u00fcnerek hervele yap\u0131l\u0131r. Direkler ge\u00e7ilince yine normal olarak vakarla y\u00fcr\u00fcn\u00fcr. Merve tepesine var\u0131l\u0131r. Burada da K\u00e2be\u2019ye kar\u015f\u0131 durulur. Saf\u00e2\u2019daki gibi tekbirler getirilir, tahmid, tehlil ve dualar okunur. B\u00f6ylece sa\u2019y\u2019in bir \u015favt\u0131 tamamlanm\u0131\u015f olur. Sonra ayn\u0131 \u015fekilde Saf\u00e2\u2019ya geri d\u00f6n\u00fcl\u00fcr. Gidi\u015f d\u00f6n\u00fc\u015f yollar\u0131 ayr\u0131 ayr\u0131d\u0131r. Her \u015favtta iki ye\u015fil direk aras\u0131nda hervele yap\u0131l\u0131r. Yedinci \u015favt Merve\u2019de tamamlan\u0131r. B\u00f6ylece Saf\u00e2\u2019dan Merve\u2019ye 4 gidi\u015f, Merve\u2019den Saf\u00e2\u2019ya 3 d\u00f6n\u00fc\u015f yap\u0131lm\u0131\u015f olur.<\/p><\/blockquote><\/div>\n\t\t\t\t<\/div>\n\t\t\t\t\t\t\t<div class=\"elementor-accordion-item\">\n\t\t\t\t\t<div id=\"elementor-tab-title-1007\" class=\"elementor-tab-title\" data-tab=\"7\" role=\"button\" aria-controls=\"elementor-tab-content-1007\" aria-expanded=\"false\">\n\t\t\t\t\t\t\t\t\t\t\t\t\t<span class=\"elementor-accordion-icon elementor-accordion-icon-left\" aria-hidden=\"true\">\n\t\t\t\t\t\t\t\t\t\t\t\t\t\t\t<span class=\"elementor-accordion-icon-closed\"><svg class=\"e-font-icon-svg e-fas-plus\" viewbox=\"0 0 448 512\" xmlns=\"http:\/\/www.w3.org\/2000\/svg\"><path d=\"M416 208H272V64c0-17.67-14.33-32-32-32h-32c-17.67 0-32 14.33-32 32v144H32c-17.67 0-32 14.33-32 32v32c0 17.67 14.33 32 32 32h144v144c0 17.67 14.33 32 32 32h32c17.67 0 32-14.33 32-32V304h144c17.67 0 32-14.33 32-32v-32c0-17.67-14.33-32-32-32z\"><\/path><\/svg><\/span>\n\t\t\t\t\t\t\t\t<span class=\"elementor-accordion-icon-opened\"><svg class=\"e-font-icon-svg e-fas-minus\" viewbox=\"0 0 448 512\" xmlns=\"http:\/\/www.w3.org\/2000\/svg\"><path d=\"M416 208H32c-17.67 0-32 14.33-32 32v32c0 17.67 14.33 32 32 32h384c17.67 0 32-14.33 32-32v-32c0-17.67-14.33-32-32-32z\"><\/path><\/svg><\/span>\n\t\t\t\t\t\t\t\t\t\t\t\t\t\t<\/span>\n\t\t\t\t\t\t\t\t\t\t\t\t<a class=\"elementor-accordion-title\" tabindex=\"0\">Sa\u2019y tavaftan \u00f6nce yap\u0131labilir mi?<\/a>\n\t\t\t\t\t<\/div>\n\t\t\t\t\t<div id=\"elementor-tab-content-1007\" class=\"elementor-tab-content elementor-clearfix\" data-tab=\"7\" role=\"region\" aria-labelledby=\"elementor-tab-title-1007\"><p>Sa\u2019y tavafa ba\u011fl\u0131 bir vazifedir. Sa\u2019yin ge\u00e7erli bir tavaftan sonra olmas\u0131 gerekmektedir. \u00d6nce sa\u2019y yap\u0131l\u0131rsa, tavaftan sonra bu sa\u2019yin tekrarlanmas\u0131 gerekir. Tavaftan sonra bir \u00f6z\u00fcr veya a\u015f\u0131r\u0131 yorgunluktan dolay\u0131 sa\u2019yin biraz geciktirilmesinde bir mahzur yoktur.<\/p><\/div>\n\t\t\t\t<\/div>\n\t\t\t\t\t\t\t<div class=\"elementor-accordion-item\">\n\t\t\t\t\t<div id=\"elementor-tab-title-1008\" class=\"elementor-tab-title\" data-tab=\"8\" role=\"button\" aria-controls=\"elementor-tab-content-1008\" aria-expanded=\"false\">\n\t\t\t\t\t\t\t\t\t\t\t\t\t<span class=\"elementor-accordion-icon elementor-accordion-icon-left\" aria-hidden=\"true\">\n\t\t\t\t\t\t\t\t\t\t\t\t\t\t\t<span class=\"elementor-accordion-icon-closed\"><svg class=\"e-font-icon-svg e-fas-plus\" viewbox=\"0 0 448 512\" xmlns=\"http:\/\/www.w3.org\/2000\/svg\"><path d=\"M416 208H272V64c0-17.67-14.33-32-32-32h-32c-17.67 0-32 14.33-32 32v144H32c-17.67 0-32 14.33-32 32v32c0 17.67 14.33 32 32 32h144v144c0 17.67 14.33 32 32 32h32c17.67 0 32-14.33 32-32V304h144c17.67 0 32-14.33 32-32v-32c0-17.67-14.33-32-32-32z\"><\/path><\/svg><\/span>\n\t\t\t\t\t\t\t\t<span class=\"elementor-accordion-icon-opened\"><svg class=\"e-font-icon-svg e-fas-minus\" viewbox=\"0 0 448 512\" xmlns=\"http:\/\/www.w3.org\/2000\/svg\"><path d=\"M416 208H32c-17.67 0-32 14.33-32 32v32c0 17.67 14.33 32 32 32h384c17.67 0 32-14.33 32-32v-32c0-17.67-14.33-32-32-32z\"><\/path><\/svg><\/span>\n\t\t\t\t\t\t\t\t\t\t\t\t\t\t<\/span>\n\t\t\t\t\t\t\t\t\t\t\t\t<a class=\"elementor-accordion-title\" tabindex=\"0\">Sa\u2019y esnas\u0131nda ka\u00e7 \u015favt yapt\u0131\u011f\u0131nda \u015f\u00fcpheye d\u00fc\u015fen kimse ne yapmal\u0131d\u0131r?<\/a>\n\t\t\t\t\t<\/div>\n\t\t\t\t\t<div id=\"elementor-tab-content-1008\" class=\"elementor-tab-content elementor-clearfix\" data-tab=\"8\" role=\"region\" aria-labelledby=\"elementor-tab-title-1008\"><p>Sa\u2019y \u015favtlar\u0131n\u0131n say\u0131s\u0131nda \u015f\u00fcpheye d\u00fc\u015fmek, sa\u2019yin bat\u0131l olmas\u0131na sebep olur. Sa\u2019yde ka\u00e7 \u015favt yat\u0131\u011f\u0131nda \u015f\u00fcphesi olan kimse, \u015favt say\u0131s\u0131 hakk\u0131nda kesin bir kanaate varaca\u011f\u0131 \u00fcmidiyle sa\u2019ye devam eder de sonunda turlar\u0131n\u0131n say\u0131s\u0131 konusunda kesin bir kanaate vararak sa\u2019yi yedi tur olarak tamamlarsa, sa\u2019yi sahihtir. Karars\u0131z kal\u0131rsa, sa\u2019ye ba\u015ftan ba\u015flamas\u0131 gerekir. Dolay\u0131s\u0131yla \u015favt say\u0131s\u0131n\u0131n iyi tespit edilmesi gerekir.<\/p><\/div>\n\t\t\t\t<\/div>\n\t\t\t\t\t\t\t<div class=\"elementor-accordion-item\">\n\t\t\t\t\t<div id=\"elementor-tab-title-1009\" class=\"elementor-tab-title\" data-tab=\"9\" role=\"button\" aria-controls=\"elementor-tab-content-1009\" aria-expanded=\"false\">\n\t\t\t\t\t\t\t\t\t\t\t\t\t<span class=\"elementor-accordion-icon elementor-accordion-icon-left\" aria-hidden=\"true\">\n\t\t\t\t\t\t\t\t\t\t\t\t\t\t\t<span class=\"elementor-accordion-icon-closed\"><svg class=\"e-font-icon-svg e-fas-plus\" viewbox=\"0 0 448 512\" xmlns=\"http:\/\/www.w3.org\/2000\/svg\"><path d=\"M416 208H272V64c0-17.67-14.33-32-32-32h-32c-17.67 0-32 14.33-32 32v144H32c-17.67 0-32 14.33-32 32v32c0 17.67 14.33 32 32 32h144v144c0 17.67 14.33 32 32 32h32c17.67 0 32-14.33 32-32V304h144c17.67 0 32-14.33 32-32v-32c0-17.67-14.33-32-32-32z\"><\/path><\/svg><\/span>\n\t\t\t\t\t\t\t\t<span class=\"elementor-accordion-icon-opened\"><svg class=\"e-font-icon-svg e-fas-minus\" viewbox=\"0 0 448 512\" xmlns=\"http:\/\/www.w3.org\/2000\/svg\"><path d=\"M416 208H32c-17.67 0-32 14.33-32 32v32c0 17.67 14.33 32 32 32h384c17.67 0 32-14.33 32-32v-32c0-17.67-14.33-32-32-32z\"><\/path><\/svg><\/span>\n\t\t\t\t\t\t\t\t\t\t\t\t\t\t<\/span>\n\t\t\t\t\t\t\t\t\t\t\t\t<a class=\"elementor-accordion-title\" tabindex=\"0\">Sa\u2019ydeki \u015favt say\u0131s\u0131n\u0131 ak\u0131lda tutmak \u015fart m\u0131d\u0131r? Bir deftere yaz\u0131lsa veya ba\u015fka yolla say\u0131 belirlense sahih olur mu?<\/a>\n\t\t\t\t\t<\/div>\n\t\t\t\t\t<div id=\"elementor-tab-content-1009\" class=\"elementor-tab-content elementor-clearfix\" data-tab=\"9\" role=\"region\" aria-labelledby=\"elementor-tab-title-1009\"><p>Sa\u2019y \u015favtlar\u0131n\u0131 ak\u0131lda tutmak i\u00e7in ki\u015finin bizzat kendisinin saymas\u0131 gerekmez; ba\u015fka g\u00fcvenilir birisi de \u015favtlar\u0131 say\u0131p akl\u0131nda tutarsa, yeterlidir. Bununla beraber tesbihle veya bir deftere her \u015favttan sonra kaydederek de \u015favt say\u0131s\u0131 tespit edilebilir.<\/p><\/div>\n\t\t\t\t<\/div>\n\t\t\t\t\t\t\t\t<\/div>\n\t\t\t\t<\/div>\n\t\t\t\t<\/div>\n\t\t\t\t\t\t<\/div>\n\t\t\t\t\t<\/div>\n\t\t<\/div>\n\t\t\t\t\t\t\t\t<\/div>\n\t\t\t\t\t<\/div>\n\t\t<\/section>\n\t\t\t\t\t\t\t\t\t<\/div>\n\t\t\t<\/div>\n\t\t\t\t\t<\/div>","protected":false},"excerpt":{"rendered":"<p>Sa\u2019y nedir? Sa\u2019y, K\u00e2be\u2019nin do\u011fusundaki Saf\u00e2 ile Merve denilen iki tepe aras\u0131nda y\u00fcr\u00fcmek demektir. Hacc\u0131n asl\u00ee v\u00e2ciplerinden biridir, terk edilirse ceza kurban\u0131 kesmek gerekir. Sa\u2019yin ge\u00e7erli olmas\u0131n\u0131n farzlar\u0131 nelerdir? Hac sa\u2019yini hac aylar\u0131 i\u00e7inde yapmak. Sa\u2019yi ge\u00e7erli bir tavaftan sonra yapmak. Sa\u2019yi Saf\u00e2 ve Merve tepeleri aras\u0131nda yapmak. Sa\u2019ye Saf\u00e2\u2019dan ba\u015flay\u0131p Merve\u2019de bitirmek. Sa\u2019yin en [&hellip;]<\/p>","protected":false},"author":1,"featured_media":0,"parent":0,"menu_order":0,"comment_status":"closed","ping_status":"closed","template":"","meta":{"footnotes":""},"class_list":["post-10236","page","type-page","status-publish","hentry"],"_links":{"self":[{"href":"https:\/\/kanaattravel.de\/de\/wp-json\/wp\/v2\/pages\/10236","targetHints":{"allow":["GET"]}}],"collection":[{"href":"https:\/\/kanaattravel.de\/de\/wp-json\/wp\/v2\/pages"}],"about":[{"href":"https:\/\/kanaattravel.de\/de\/wp-json\/wp\/v2\/types\/page"}],"author":[{"embeddable":true,"href":"https:\/\/kanaattravel.de\/de\/wp-json\/wp\/v2\/users\/1"}],"replies":[{"embeddable":true,"href":"https:\/\/kanaattravel.de\/de\/wp-json\/wp\/v2\/comments?post=10236"}],"version-history":[{"count":4,"href":"https:\/\/kanaattravel.de\/de\/wp-json\/wp\/v2\/pages\/10236\/revisions"}],"predecessor-version":[{"id":10240,"href":"https:\/\/kanaattravel.de\/de\/wp-json\/wp\/v2\/pages\/10236\/revisions\/10240"}],"wp:attachment":[{"href":"https:\/\/kanaattravel.de\/de\/wp-json\/wp\/v2\/media?parent=10236"}],"curies":[{"name":"wp","href":"https:\/\/api.w.org\/{rel}","templated":true}]}}