{"id":10293,"date":"2024-01-02T14:45:43","date_gmt":"2024-01-02T13:45:43","guid":{"rendered":"https:\/\/kanaat.blauer-rhein-agentur.de\/?page_id=10293"},"modified":"2024-01-02T14:45:46","modified_gmt":"2024-01-02T13:45:46","slug":"hac-ve-umrede-gereken-malzemeler","status":"publish","type":"page","link":"https:\/\/kanaattravel.de\/de\/erforderliche-materialien-fuer-hadsch-und-umrah\/","title":{"rendered":"Erforderliche Materialien f\u00fcr Hadsch und Umrah"},"content":{"rendered":"<ul class=\"wp-block-list\">\n<li>Strickjacke\/Schal (besonders in Medina ist das Morgengebet sehr k\u00fchl. Haben Sie mindestens eine Strickjacke dabei)<\/li>\n\n\n\n<li>Sonnenschutzcreme (Sie k\u00f6nnen es nach dem Ihram verwenden, wenn Sie hellh\u00e4utig sind, haben Sie ein hohes Risiko, von der Sonne zu verbrennen)<\/li>\n\n\n\n<li>Zahnb\u00fcrste &amp; Zahnpasta<\/li>\n\n\n\n<li>Seife \u2013 Shampoo (Keine duftende Seife, Shampoo, D\u00fcfte usw. verwenden, solange man in Ihram ist. Aber nach Ihram kann man es verwenden)<\/li>\n\n\n\n<li>Schere (Bei einem Haarschnitt, bei dem es darum geht, den Ihram zu verlassen, rasieren sich M\u00e4nner normalerweise von den Friseuren dort, aber Frauen m\u00fcssen sich die Haare schneiden lassen, wenn sie in ihr Hotel zur\u00fcckkehren.)<\/li>\n\n\n\n<li>Abh\u00e4ngig von der Dauer Ihres Aufenthalts ben\u00f6tigen Sie m\u00f6glicherweise: Nagelscheren, Rasierartikel f\u00fcr M\u00e4nner, Pinzetten, Haarpflegemittel usw.<\/li>\n\n\n\n<li>Nadel und Faden und Knopf Set<\/li>\n\n\n\n<li>Gro\u00dfe Sicherheitsnadel (M\u00e4nner k\u00f6nnen es benutzen um das Ihram fest zu halten oder um Ihre Geldb\u00f6rse am Kleid zu sichern)<\/li>\n\n\n\n<li>Medikamente (Mit Ausnahme von speziellen Medikamenten nehmen Sie Schmerzmittel, Influenza-Arzneimittel und Vitamine mit.<\/li>\n\n\n\n<li>Fotokamera (Mekka und Medina haben auch eine Taschenkontrolle im Eingang, jedoch nicht sehr detailliert. Wenn Sie Fotos schie\u00dfen m\u00f6chten, reicht Smartphone mit Kamera aus, Im Inneren werden Telefone geduldet.)<\/li>\n\n\n\n<li>Koran (es gibt \u00fcberall Koran, aber Sie k\u00f6nnen es schwierig finden, zu lesen, weil die Schrift\/Struktur anders ist)<\/li>\n\n\n\n<li>Gebetsbuch, Tasbeeh, Dhikr Z\u00e4hler<\/li>\n\n\n\n<li>Medikamente, die Sie regelm\u00e4\u00dfig angewendet haben. (Herz, Blutdruck oder Diabetes, diejenigen, die Pille, Nadel usw. verwenden)<\/li>\n\n\n\n<li>F\u00fcr Ihram angemessene Sandalen<\/li>\n\n\n\n<li>Schutzkrem gegen Ausschlag<\/li>\n\n\n\n<li>Vitamin C oder Sirup gegen Erk\u00e4ltungen und Husten<\/li>\n\n\n\n<li>Sonnenbrille<\/li>\n<\/ul>","protected":false},"excerpt":{"rendered":"","protected":false},"author":1,"featured_media":0,"parent":0,"menu_order":0,"comment_status":"closed","ping_status":"closed","template":"","meta":{"footnotes":""},"class_list":["post-10293","page","type-page","status-publish","hentry"],"_links":{"self":[{"href":"https:\/\/kanaattravel.de\/de\/wp-json\/wp\/v2\/pages\/10293","targetHints":{"allow":["GET"]}}],"collection":[{"href":"https:\/\/kanaattravel.de\/de\/wp-json\/wp\/v2\/pages"}],"about":[{"href":"https:\/\/kanaattravel.de\/de\/wp-json\/wp\/v2\/types\/page"}],"author":[{"embeddable":true,"href":"https:\/\/kanaattravel.de\/de\/wp-json\/wp\/v2\/users\/1"}],"replies":[{"embeddable":true,"href":"https:\/\/kanaattravel.de\/de\/wp-json\/wp\/v2\/comments?post=10293"}],"version-history":[{"count":1,"href":"https:\/\/kanaattravel.de\/de\/wp-json\/wp\/v2\/pages\/10293\/revisions"}],"predecessor-version":[{"id":10294,"href":"https:\/\/kanaattravel.de\/de\/wp-json\/wp\/v2\/pages\/10293\/revisions\/10294"}],"wp:attachment":[{"href":"https:\/\/kanaattravel.de\/de\/wp-json\/wp\/v2\/media?parent=10293"}],"curies":[{"name":"wp","href":"https:\/\/api.w.org\/{rel}","templated":true}]}}