{"id":10295,"date":"2024-01-02T14:46:44","date_gmt":"2024-01-02T13:46:44","guid":{"rendered":"https:\/\/kanaat.blauer-rhein-agentur.de\/?page_id=10295"},"modified":"2024-02-01T00:53:27","modified_gmt":"2024-01-31T23:53:27","slug":"iptal-ve-iade-sartlari","status":"publish","type":"page","link":"https:\/\/kanaattravel.de\/de\/stornierungs-und-rueckerstattungsbedingungen\/","title":{"rendered":"Stornierungs- und R\u00fcckerstattungsbedingungen"},"content":{"rendered":"<h4 class=\"wp-block-heading\">HADSCH STORNIERUNGS- UND R\u00dcCKERSTATTUNGSBEDINGUNGEN (WIDERRUFSBELEHRUNG)<\/h4>\n\n\n\n<p><strong>a.<\/strong>&nbsp;Wer den Flug vor 2 Monaten storniert, werden 1000, \u2013 \u20ac eingenommen und der Restbetrag wird dem Betroffenen zur\u00fcckerstattet.<\/p>\n\n\n\n<p><strong>b.<\/strong>&nbsp;Von denjenigen, die einen Monat vor dem Flug stornieren, werden 70% des Hadsch-Preises eingenommen. Der Restbetrag wird dem Betroffenen zur\u00fcckerstattet.<\/p>\n\n\n\n<p><strong>c.<\/strong>&nbsp;Wer nach Erhalt des Hadsch-Visums storniert dem werden 90% des Pilgerpreises eingenommen.<\/p>\n\n\n\n<h4 class=\"wp-block-heading\">UMRAH STORNIERUNGS- UND R\u00dcCKERSTATTUNGSBEDINGUNGEN (WIDERRUFSBELEHRUNG)<\/h4>\n\n\n\n<p><strong>a.<\/strong>&nbsp;\u201cHadsch und Umrah Reisende, die aus irgendeinem Grund und freiwilligem Wille zur\u00fcckkehren m\u00f6chten, erhalten keine R\u00fcckerstattung (da die Unterkunft, der Flug, das Visum und andere Dienstleistungen im Voraus bezahlt wurden).<\/p>\n\n\n\n<p><strong>b.<\/strong>\u00a0F\u00fcr die Stornierung nach Erhalt des Visums wird eine Stornierungsgeb\u00fchr von 250 \u20ac erhoben.<\/p>\n\n\n\n<p><strong>c.<\/strong>\u00a0Mit Ausnahme der h\u00f6heren Gewalt werden alle No-Shows, die bei den Stornierungen 15 Tage vor dem Flug entstanden sind, sowie die 200 \u20ac -Strafe, die die Fluggesellschaft von der Reiseunternehmen aufgrund von Stornierungen nach dem Ticketentzug erhalten hat, dem Kunden angezeigt.<\/p>\n\n\n\n<p><em>Hinweis: Wir empfehlen den Abschluss einer Reiseversicherung. Sprechen Sie uns an. Wir helfen Ihnen gerne.<\/em><\/p>","protected":false},"excerpt":{"rendered":"<p>HAC \u0130PTAL VE&nbsp;\u0130ADE \u015eARTLARI a.&nbsp;U\u00e7u\u015ftan 2 ay \u00f6nce iptal edenlerden 1000,-\u20ac kesilerek bakiye kalan mebla\u011f, ilgili ki\u015fiye iade edilecektir. b.&nbsp;U\u00e7u\u015ftan 1 ay \u00f6nce iptal edenlerden ise Hac bedelinin %70 tahsil edilir. Bakiye kalan mebla\u011f, ilgili ki\u015fiye iade edilecektir. c.&nbsp;Hac vizesi al\u0131nd\u0131ktan sonra iptal eden hac\u0131 adaylar\u0131m\u0131zdan Hac bedelinin %90 tahsil edilir. UMRE \u0130PTAL VE&nbsp;\u0130ADE \u015eARTLARI [&hellip;]<\/p>","protected":false},"author":1,"featured_media":0,"parent":0,"menu_order":0,"comment_status":"closed","ping_status":"closed","template":"","meta":{"footnotes":""},"class_list":["post-10295","page","type-page","status-publish","hentry"],"_links":{"self":[{"href":"https:\/\/kanaattravel.de\/de\/wp-json\/wp\/v2\/pages\/10295","targetHints":{"allow":["GET"]}}],"collection":[{"href":"https:\/\/kanaattravel.de\/de\/wp-json\/wp\/v2\/pages"}],"about":[{"href":"https:\/\/kanaattravel.de\/de\/wp-json\/wp\/v2\/types\/page"}],"author":[{"embeddable":true,"href":"https:\/\/kanaattravel.de\/de\/wp-json\/wp\/v2\/users\/1"}],"replies":[{"embeddable":true,"href":"https:\/\/kanaattravel.de\/de\/wp-json\/wp\/v2\/comments?post=10295"}],"version-history":[{"count":2,"href":"https:\/\/kanaattravel.de\/de\/wp-json\/wp\/v2\/pages\/10295\/revisions"}],"predecessor-version":[{"id":10494,"href":"https:\/\/kanaattravel.de\/de\/wp-json\/wp\/v2\/pages\/10295\/revisions\/10494"}],"wp:attachment":[{"href":"https:\/\/kanaattravel.de\/de\/wp-json\/wp\/v2\/media?parent=10295"}],"curies":[{"name":"wp","href":"https:\/\/api.w.org\/{rel}","templated":true}]}}