{"id":10297,"date":"2024-01-02T14:49:01","date_gmt":"2024-01-02T13:49:01","guid":{"rendered":"https:\/\/kanaat.blauer-rhein-agentur.de\/?page_id=10297"},"modified":"2024-01-02T14:49:21","modified_gmt":"2024-01-02T13:49:21","slug":"cocuk-uecretleri","status":"publish","type":"page","link":"https:\/\/kanaattravel.de\/de\/gebuehren-fuer-kinder\/","title":{"rendered":"Geb\u00fchren f\u00fcr Kinder"},"content":{"rendered":"<p>Die Kosten f\u00fcr Baby und Kinder werden nach dem Datum Ihrer Buchung berechnet. Die wichtigsten Gruppen von Kindern wurden wie folgt bewertet.<\/p>\n\n\n\n<ul class=\"wp-block-list\">\n<li>Alter zwischen 00-02 \u2013 Baby<\/li>\n\n\n\n<li>Kinder zwischen 02-12 Jahren (mit oder ohne Bett)<\/li>\n\n\n\n<li>Kinder im Alter von 12-17 Jahren (nur mit Bett wird bevorzugt)<\/li>\n\n\n\n<li>Studenten zwischen 17 und 24 Jahren (Studentenausweis erforderlich)<\/li>\n<\/ul>","protected":false},"excerpt":{"rendered":"<p>Die Kosten f\u00fcr Baby und Kinder werden nach dem Datum Ihrer Buchung berechnet. Die wichtigsten Gruppen von Kindern wurden wie folgt bewertet.<\/p>","protected":false},"author":1,"featured_media":0,"parent":0,"menu_order":0,"comment_status":"closed","ping_status":"closed","template":"","meta":{"footnotes":""},"class_list":["post-10297","page","type-page","status-publish","hentry"],"_links":{"self":[{"href":"https:\/\/kanaattravel.de\/de\/wp-json\/wp\/v2\/pages\/10297","targetHints":{"allow":["GET"]}}],"collection":[{"href":"https:\/\/kanaattravel.de\/de\/wp-json\/wp\/v2\/pages"}],"about":[{"href":"https:\/\/kanaattravel.de\/de\/wp-json\/wp\/v2\/types\/page"}],"author":[{"embeddable":true,"href":"https:\/\/kanaattravel.de\/de\/wp-json\/wp\/v2\/users\/1"}],"replies":[{"embeddable":true,"href":"https:\/\/kanaattravel.de\/de\/wp-json\/wp\/v2\/comments?post=10297"}],"version-history":[{"count":1,"href":"https:\/\/kanaattravel.de\/de\/wp-json\/wp\/v2\/pages\/10297\/revisions"}],"predecessor-version":[{"id":10298,"href":"https:\/\/kanaattravel.de\/de\/wp-json\/wp\/v2\/pages\/10297\/revisions\/10298"}],"wp:attachment":[{"href":"https:\/\/kanaattravel.de\/de\/wp-json\/wp\/v2\/media?parent=10297"}],"curies":[{"name":"wp","href":"https:\/\/api.w.org\/{rel}","templated":true}]}}