{"id":3872,"date":"2022-07-26T06:53:43","date_gmt":"2022-07-26T06:53:43","guid":{"rendered":"https:\/\/kanaat.blauer-rhein-agentur.de\/?page_id=3872"},"modified":"2024-01-24T23:57:12","modified_gmt":"2024-01-24T22:57:12","slug":"turlar","status":"publish","type":"page","link":"https:\/\/kanaattravel.de\/de\/touren\/","title":{"rendered":"Tour"},"content":{"rendered":"<div data-elementor-type=\"wp-page\" data-elementor-id=\"3872\" class=\"elementor elementor-3872\">\n\t\t\t\t\t\t<div class=\"elementor-inner\">\n\t\t\t\t<div class=\"elementor-section-wrap\">\n\t\t\t\t\t\t\t\t\t<section class=\"elementor-section elementor-top-section elementor-element elementor-element-59ae872 elementor-section-boxed elementor-section-height-default elementor-section-height-default\" data-id=\"59ae872\" data-element_type=\"section\">\n\t\t\t\t\t\t<div class=\"elementor-container elementor-column-gap-default\">\n\t\t\t\t\t\t\t<div class=\"elementor-row\">\n\t\t\t\t\t<div class=\"elementor-column elementor-col-100 elementor-top-column elementor-element elementor-element-7b9d157\" data-id=\"7b9d157\" data-element_type=\"column\">\n\t\t\t<div class=\"elementor-column-wrap elementor-element-populated\">\n\t\t\t\t\t\t\t<div class=\"elementor-widget-wrap\">\n\t\t\t\t\t\t<div class=\"elementor-element elementor-element-cb93edd elementor-widget elementor-widget-ovabrw_search_ajax\" data-id=\"cb93edd\" data-element_type=\"widget\" data-widget_type=\"ovabrw_search_ajax.default\">\n\t\t\t\t<div class=\"elementor-widget-container\">\n\t\t\t\n<div class=\"ovabrw-search-ajax\">\n\t<div class=\"wrap-search-ajax\" \n\t    data-adults=\"1\"\n\t    data-childrens=\"0\"\n\t    data-sort_by_default=\"id_desc\"\n\t    data-start-price=\"1950\"\n\t    data-end-price=\"2850\"\n\t    data-grid_column=\"column4\"\n\t    data-thumbnail-type=\"image\">\n\t\t\n\t\t<!-- Search -->\n\t\t\n<div class=\"ovabrw-search ovabrw-search-\">\n\n\t<form action=\"https:\/\/kanaattravel.de\/de\" method=\"POST\" class=\"ovabrw-search-form\" data-trp-original-action=\"https:\/\/kanaattravel.de\/de\">\n\t\t<div class=\"ovabrw-s-field\">\n\n\t\t\t<!-- destinations dropdown -->\n\t\t\t\t\t\t\t<div class=\"search-field\">\n\t\t\t\t\t<div class=\"ovabrw-label\">\n\t\t\t\t\t\t<i aria-hidden=\"true\" class=\"icomoon icomoon-location\"><\/i>\t\t\t\t\t\t<span class=\"label\">Reiseziel<\/span>\n\t\t\t\t\t<\/div>\n\t\t\t\t\t<div class=\"ovabrw-input search_in_destination\">\n\t\t\t\t\t\t                                                                                                    <select id=\"brw-destinations-select-box\" name=\"ovabrw_destination\"><option value=\"all\">Wohin m\u00f6chtest du reisen?<\/option><option value=\"10187\">Bosnien<\/option><option value=\"10185\">Hadsch<\/option><option value=\"10186\">Jerusalem<\/option><option value=\"10188\">\u00c4gypten<\/option><option value=\"10184\">Umrah<\/option><\/select>\t\t\t\t\t<\/div>\n\t\t\t\t<\/div>\n\t\t\t\n\t        \n\t\t\t<!-- Taxonomies -->\n\t\t\t\n            <!-- time check in -->\n            \t\t\t\t<div class=\"search-field\">\n\t\t\t\t\t<div class=\"ovabrw-input\">\n\t\t\t\t\t\t<div class=\"ovabrw-label\">\n\t\t\t\t\t\t\t<i aria-hidden=\"true\" class=\"icomoon icomoon-calander\"><\/i>\t\t\t\t\t\t\t<span class=\"label\">Abreisedatum<\/span>\n\t\t\t\t\t\t<\/div>\n\t\t\t\t\t\t<input\n\t\t\t\t\t\t\ttype=\"text\"\n\t\t\t\t\t\t\tname=\"ovabrw_pickup_date\" \n\t\t\t\t\t\t\tvalue=\"\"\n\t\t\t\t\t\t\tclass=\"ovabrw_datetimepicker ovabrw_start_date\" \n\t\t\t\t\t\t\tplaceholder=\"DD-MM-YYYY\" \n\t\t\t\t\t\t\tautocomplete=\"off\" \n\t\t\t\t\t\t\tdata-hour_default=\"07:00\" \n\t\t\t\t\t\t\tdata-time_step=\"30\" \n\t\t\t\t\t\t\tdata-dateformat=\"d-m-Y\" \n\t\t\t\t\t\t\tonkeydown=\"return false\" \n\t\t\t\t\t\t\tonfocus=\"blur();\" \n\t\t\t            \/>\n\t\t\t\t\t<\/div>\n\t\t\t\t<\/div>\n\t\t\t\n            <!-- guest -->\n            \t\t\t\t<div class=\"search-field guestspicker-control\">\n\t\t\t\t\t<div class=\"ovabrw-input ovabrw-guestspicker-content-wrapper\">\n\t\t\t\t\t\t<div class=\"ovabrw-label\">\n\t\t\t\t\t\t\t<i aria-hidden=\"true\" class=\"icomoon icomoon-user\"><\/i>\t\t\t\t\t\t\t<span class=\"label\">Anzahl der Reisende<\/span>\n\t\t\t\t\t\t<\/div>\n\t\t\t\t\t\t<div class=\"ovabrw-guestspicker\">\n\t\t\t\t\t\t\t<div class=\"guestspicker\">\n\t\t\t\t\t\t\t\t<span class=\"gueststotal\">1<\/span>\n\t\t\t\t\t\t\t\t<span class=\"guestslabel\">Person<\/span>\n\t\t\t\t\t\t\t<\/div>\n\t\t\t\t\t\t<\/div>\n\t\t\t\t\t\t<div class=\"ovabrw-guestspicker-content\">\n\t\t\t\t\t\t\t\t\t\t\t\t\t\t\t<div class=\"guests-buttons\">\n\t\t\t\t\t\t\t\t\t<div class=\"description\">\n\t\t\t\t\t\t\t\t\t\t<label>Erwachsene<\/label>\n\t\t\t\t\t\t\t\t\t<\/div>\n\t\t\t\t\t\t\t\t\t<div class=\"guests-button\">\n\t\t\t\t\t\t\t\t\t\t<div class=\"guests-icon minus\">\n\t\t\t\t\t\t\t\t\t\t\t<i class=\"fas fa-minus\"><\/i>\n\t\t\t\t\t\t\t\t\t\t<\/div>\n\t\t\t\t\t\t\t\t\t\t<input \n\t\t\t\t\t\t\t\t\t\t\ttype=\"text\" \n\t\t\t\t\t\t\t\t\t\t\tid=\"ovabrw_adults\" \n\t\t\t\t\t\t\t\t\t\t\tname=\"ovabrw_adults\" \n\t\t\t\t\t\t\t\t\t\t\tclass=\"ovabrw_adults\" \n\t\t\t\t\t\t\t\t\t\t\tvalue=\"1\" \n\t\t\t\t\t\t\t\t\t\t\tmin=\"1\" \n\t\t\t\t\t\t\t\t\t\t\tmax=\"30\" \/>\n\t\t\t\t\t\t\t\t\t\t<div class=\"guests-icon plus\">\n\t\t\t\t\t\t\t\t\t\t\t<i class=\"fas fa-plus\"><\/i>\n\t\t\t\t\t\t\t\t\t\t<\/div>\n\t\t\t\t\t\t\t\t\t<\/div>\n\t\t\t\t\t\t\t\t<\/div>\n\t\t\t\t\t\t\t\n\t\t\t\t\t\t\t\t\t\t\t\t\t\t\t<div class=\"guests-buttons\">\n\t\t\t\t\t\t\t\t\t<div class=\"description\">\n\t\t\t\t\t\t\t\t\t\t<label>Kind<\/label>\n\t\t\t\t\t\t\t\t\t<\/div>\n\t\t\t\t\t\t\t\t\t<div class=\"guests-button\">\n\t\t\t\t\t\t\t\t\t\t<div class=\"guests-icon minus\">\n\t\t\t\t\t\t\t\t\t\t\t<i class=\"fas fa-minus\"><\/i>\n\t\t\t\t\t\t\t\t\t\t<\/div>\n\t\t\t\t\t\t\t\t\t\t<input \n\t\t\t\t\t\t\t\t\t\t\ttype=\"text\" \n\t\t\t\t\t\t\t\t\t\t\tid=\"ovabrw_childrens\" \n\t\t\t\t\t\t\t\t\t\t\tname=\"ovabrw_childrens\" \n\t\t\t\t\t\t\t\t\t\t\tclass=\"ovabrw_childrens\" \n\t\t\t\t\t\t\t\t\t\t\tvalue=\"0\" \n\t\t\t\t\t\t\t\t\t\t\tmin=\"0\" \n\t\t\t\t\t\t\t\t\t\t\tmax=\"10\" \/>\n\t\t\t\t\t\t\t\t\t\t<div class=\"guests-icon plus\">\n\t\t\t\t\t\t\t\t\t\t\t<i class=\"fas fa-plus\"><\/i>\n\t\t\t\t\t\t\t\t\t\t<\/div>\n\t\t\t\t\t\t\t\t\t<\/div>\n\t\t\t\t\t\t\t\t<\/div>\n\t\t\t\t\t\t\t\n\t\t\t\t\t\t\t\t\t\t\t\t\t\t\t<div class=\"guests-buttons\">\n\t\t\t\t\t\t\t\t\t<div class=\"description\">\n\t\t\t\t\t\t\t\t\t\t<label>Baby<\/label>\n\t\t\t\t\t\t\t\t\t<\/div>\n\t\t\t\t\t\t\t\t\t<div class=\"guests-button\">\n\t\t\t\t\t\t\t\t\t\t<div class=\"guests-icon minus\">\n\t\t\t\t\t\t\t\t\t\t\t<i class=\"fas fa-minus\"><\/i>\n\t\t\t\t\t\t\t\t\t\t<\/div>\n\t\t\t\t\t\t\t\t\t\t<input \n\t\t\t\t\t\t\t\t\t\t\ttype=\"text\" \n\t\t\t\t\t\t\t\t\t\t\tid=\"ovabrw_babies\" \n\t\t\t\t\t\t\t\t\t\t\tname=\"ovabrw_babies\" \n\t\t\t\t\t\t\t\t\t\t\tclass=\"ovabrw_babies\" \n\t\t\t\t\t\t\t\t\t\t\tvalue=\"0\" \n\t\t\t\t\t\t\t\t\t\t\tmin=\"0\" \n\t\t\t\t\t\t\t\t\t\t\tmax=\"10\" \/>\n\t\t\t\t\t\t\t\t\t\t<div class=\"guests-icon plus\">\n\t\t\t\t\t\t\t\t\t\t\t<i class=\"fas fa-plus\"><\/i>\n\t\t\t\t\t\t\t\t\t\t<\/div>\n\t\t\t\t\t\t\t\t\t<\/div>\n\t\t\t\t\t\t\t\t<\/div>\n\t\t\t\t\t\t\t\t\t\t\t\t\t<\/div>\n\t\t\t\t\t<\/div>\n\t\t\t\t<\/div>\n\t\t\t\n\t\t\t<!-- button -->\n\t\t\t<div class=\"ovabrw-search-btn\">\n\t\t\t\t\t\t\t\t<button class=\"ovabrw-btn\" type=\"submit\">\n\t\t\t\t\t<i aria-hidden=\"true\" class=\"icomoon icomoon-search\"><\/i>\t\t\t\t<\/button>\t\t\n\t\t\t<\/div>\n\t\t<\/div>\n\t<input type=\"hidden\" name=\"trp-form-language\" value=\"de\"\/><\/form>\n<\/div>\n\t\t<!-- Advanced Search -->\n\t\t\t        <div class=\"ovabrw-search-advanced\">\n\n\t        \t<div class=\"search-advanced-input\">\n\t        \t\t\t\t        \t\t<div class=\"advanced-search-icon\">\n\t\t        \t\t\t<i aria-hidden=\"true\" class=\"icomoon icomoon-search-zoom-in\"><\/i>\t\t        \t\t<\/div>\n\t        \t\t\t\t        \t<span class=\"search-advanced-text\">\n\t\t        \t\tErweiterte Suche\t\t        \t<\/span>\n\t\t        \t<i aria-hidden=\"true\" class=\"icomoon icomoon-chevron-down\"><\/i>\n\t        \t<\/div>\n\n\t        \t<div class=\"search-advanced-field-wrapper\">\n\t        \t\t\t        \t\t<!-- Price Filter -->\n\t        \t    <div class=\"search-advanced-field price-field\">\n\t        \t    \t<span class=\"ovabrw-label\">\n\t        \t    \t\tPreis filtern\t        \t    \t<\/span>\n\t        \t    \t<div class=\"brw-tour-price-input\" data-currency_symbol=\"&euro;\">\n\t\t        \t    \t<input type=\"text\" class=\"brw-tour-price-from\" value=\"1950\" data-value=\"1950\"\/>\n\t\t\t\t\t\t\t<input type=\"text\" class=\"brw-tour-price-to\" value=\"2850\" data-value=\"2850\"\/>\n\t\t\t\t\t\t<\/div>\n\t        \t     \t<div class=\"slider-wrapper\">\n\t\t\t\t\t\t    <div id=\"brw-tour-price-slider\"><\/div>\n\t\t\t\t\t\t<\/div> \n\t        \t    <\/div>\n\t        \t\t\t        \t\t\t        \t    <!-- Rating Filter -->\n\t        \t    <div class=\"search-advanced-field rating-field\">\n\t        \t    \t<span class=\"ovabrw-label\">\n\t        \t    \t\tBewertungspunkte\t        \t    \t<\/span>\n\t        \t     \t\t        \t     \t\t<div class=\"total-rating-stars\">\n\n\t        \t     \t\t\t<div class=\"input-rating\">\n\t        \t     \t\t\t\t<input id=\"rating-filter-5\" type=\"checkbox\" class=\"rating-filter\" name=\"rating_value[5]\" value=\"5\">\n\n\t        \t     \t\t\t\t<label for=\"rating-filter-5\">\n\t        \t     \t\t\t\t\t\t\t\t\t\t\t\t\t\t\t\t\t<span class=\"rating-stars\">\n\t\t\t\t\t\t\t\t\t\t\t\t\t<span class=\"star star-1\" data-rating-val=\"1\"><i class=\"fas fa-star\"><\/i><\/span>\n\t\t\t\t\t\t\t\t\t\t\t\t\t<span class=\"star star-2\" data-rating-val=\"2\"><i class=\"fas fa-star\"><\/i><\/span>\n\t\t\t\t\t\t\t\t\t\t\t\t\t<span class=\"star star-3\" data-rating-val=\"3\"><i class=\"fas fa-star\"><\/i><\/span>\n\t\t\t\t\t\t\t\t\t\t\t\t\t<span class=\"star star-4\" data-rating-val=\"4\"><i class=\"fas fa-star\"><\/i><\/span>\n\t\t\t\t\t\t\t\t\t\t\t\t\t<span class=\"star star-5\" data-rating-val=\"5\"><i class=\"fas fa-star\"><\/i><\/span> \n\t\t\t\t\t\t\t\t\t\t\t\t<\/span>\n\t\t\t\t\t\t\t\t\t\t\t    \t\t\t\t\t\t\t\t\t<\/label>\n\n\t        \t     \t\t\t<\/div>\n\n\t        \t     \t\t<\/div>\n\t        \t     \t\t        \t     \t\t<div class=\"total-rating-stars\">\n\n\t        \t     \t\t\t<div class=\"input-rating\">\n\t        \t     \t\t\t\t<input id=\"rating-filter-4\" type=\"checkbox\" class=\"rating-filter\" name=\"rating_value[4]\" value=\"4\">\n\n\t        \t     \t\t\t\t<label for=\"rating-filter-4\">\n\t        \t     \t\t\t\t\t\t\t\t\t\t\t\t\t\t\t\t\t<span class=\"rating-stars\">\n\t\t\t\t\t\t\t\t\t\t\t\t\t<span class=\"star star-1\" data-rating-val=\"1\"><i class=\"fas fa-star\"><\/i><\/span>\n\t\t\t\t\t\t\t\t\t\t\t\t\t<span class=\"star star-2\" data-rating-val=\"2\"><i class=\"fas fa-star\"><\/i><\/span>\n\t\t\t\t\t\t\t\t\t\t\t\t\t<span class=\"star star-3\" data-rating-val=\"3\"><i class=\"fas fa-star\"><\/i><\/span>\n\t\t\t\t\t\t\t\t\t\t\t\t\t<span class=\"star star-4\" data-rating-val=\"4\"><i class=\"fas fa-star\"><\/i><\/span>\n\t\t\t\t\t\t\t\t\t\t\t\t<\/span>\n\t\t\t\t\t\t\t\t\t\t\t    \t\t\t\t\t\t\t\t\t<\/label>\n\n\t        \t     \t\t\t<\/div>\n\n\t        \t     \t\t<\/div>\n\t        \t     \t\t        \t     \t\t<div class=\"total-rating-stars\">\n\n\t        \t     \t\t\t<div class=\"input-rating\">\n\t        \t     \t\t\t\t<input id=\"rating-filter-3\" type=\"checkbox\" class=\"rating-filter\" name=\"rating_value[3]\" value=\"3\">\n\n\t        \t     \t\t\t\t<label for=\"rating-filter-3\">\n\t        \t     \t\t\t\t\t\t\t\t\t\t\t\t\t\t\t\t\t<span class=\"rating-stars\">\n\t\t\t\t\t\t\t\t\t\t\t\t\t<span class=\"star star-1\" data-rating-val=\"1\"><i class=\"fas fa-star\"><\/i><\/span>\n\t\t\t\t\t\t\t\t\t\t\t\t\t<span class=\"star star-2\" data-rating-val=\"2\"><i class=\"fas fa-star\"><\/i><\/span>\n\t\t\t\t\t\t\t\t\t\t\t\t\t<span class=\"star star-3\" data-rating-val=\"3\"><i class=\"fas fa-star\"><\/i><\/span>\n\t\t\t\t\t\t\t\t\t\t\t\t<\/span>\n\t\t\t\t\t\t\t\t\t\t\t\t\t\t\t\t\t\t\t\t\t<\/label>\n\n\t        \t     \t\t\t<\/div>\n\n\t        \t     \t\t<\/div>\n\t        \t     \t\t        \t     \t\t<div class=\"total-rating-stars\">\n\n\t        \t     \t\t\t<div class=\"input-rating\">\n\t        \t     \t\t\t\t<input id=\"rating-filter-2\" type=\"checkbox\" class=\"rating-filter\" name=\"rating_value[2]\" value=\"2\">\n\n\t        \t     \t\t\t\t<label for=\"rating-filter-2\">\n\t        \t     \t\t\t\t\t\t\t\t\t\t\t\t\t\t\t\t\t<span class=\"rating-stars\">\n\t\t\t\t\t\t\t\t\t\t\t\t\t<span class=\"star star-1\" data-rating-val=\"1\"><i class=\"fas fa-star\"><\/i><\/span>\n\t\t\t\t\t\t\t\t\t\t\t\t\t<span class=\"star star-2\" data-rating-val=\"2\"><i class=\"fas fa-star\"><\/i><\/span>\n\t\t\t\t\t\t\t\t\t\t\t\t<\/span>\n\t\t\t\t\t\t\t\t\t\t\t\t\t\t\t\t\t\t\t\t\t<\/label>\n\n\t        \t     \t\t\t<\/div>\n\n\t        \t     \t\t<\/div>\n\t        \t     \t\t        \t     \t\t<div class=\"total-rating-stars\">\n\n\t        \t     \t\t\t<div class=\"input-rating\">\n\t        \t     \t\t\t\t<input id=\"rating-filter-1\" type=\"checkbox\" class=\"rating-filter\" name=\"rating_value[1]\" value=\"1\">\n\n\t        \t     \t\t\t\t<label for=\"rating-filter-1\">\n\t        \t     \t\t\t\t\t\t\t\t\t\t\t\t\t\t\t\t\t<span class=\"rating-stars\">\n\t\t\t\t\t\t\t\t\t\t\t\t\t<span class=\"star star-1\" data-rating-val=\"1\"><i class=\"fas fa-star\"><\/i><\/span>\n\t\t\t\t\t\t\t\t\t\t\t\t<\/span>\n\t\t\t\t\t\t\t\t\t\t\t\t\t\t\t\t\t\t\t\t\t<\/label>\n\n\t        \t     \t\t\t<\/div>\n\n\t        \t     \t\t<\/div>\n\t        \t     \t\t        \t    <\/div>\n\t        \t    \t        \t    \t        \t    <!-- Tour Categories Filter -->\n\t        \t    <div class=\"search-advanced-field tour-categories-field\">\n\t        \t    \t<span class=\"ovabrw-label\">\n\t        \t    \t\tKategorie\t        \t    \t<\/span>\n\t        \t     \t\t        \t     \t\t\t        \t     \t\t        \t     \t\t\t        \t     \t\t        \t     \t\t\t\t        \t     \t\t<div class=\"tour-category-field\">\n\n\t\t        \t     \t\t\t<input \n\t\t        \t     \t\t\t\tid=\"tour-category-filter-umre\" \n\t\t        \t     \t\t\t\ttype=\"checkbox\" \n\t\t        \t     \t\t\t\tclass=\"tour-category-filter\" \n\t\t        \t     \t\t\t\tname=\"category_value\" \n\t\t        \t     \t\t\t\tvalue=\"umre\" \n\t\t        \t     \t\t\t\t\/>\n\n\t\t\t        \t     \t\t<label for=\"tour-category-filter-umre\">\n\t\t\t\t\t\t\t\t\t\t<span class=\"tour-category-name\">\n\t\t\t\t\t\t\t\t\t\t\tUmrah\t\t\t\t\t\t\t\t\t\t<\/span>\n\t\t\t\t\t\t\t\t\t<\/label>\n\n\t\t\t\t\t\t\t\t\t\t\t\t\t\t\t\t            <div class=\"tour-category-field-child\">\n\t\t\t\t        \t     \t\t\t<input \n\t\t\t\t        \t     \t\t\t\tid=\"tour-category-filter-paskalya-tatili\" type=\"checkbox\" \n\t\t\t\t        \t     \t\t\t\tclass=\"tour-category-filter\" \n\t\t\t\t        \t     \t\t\t\tname=\"category_value\" \n\t\t\t\t        \t     \t\t\t\tvalue=\"paskalya-tatili\" \n\t\t\t\t        \t     \t\t\t\t\/>\n\n\t\t\t\t\t        \t     \t\t<label for=\"tour-category-filter-paskalya-tatili\">\n\t\t\t\t\t\t\t\t\t\t\t\t<span class=\"tour-category-name\">\n\t\t\t\t\t\t\t\t\t\t\t\t\tOsterferien Umrah Pakete\t\t\t\t\t\t\t\t\t\t\t\t<\/span>\n\t\t\t\t\t\t\t\t\t\t\t<\/label>\n\t\t\t\t\t\t\t\t\t\t\t\n\t\t\t\t\t\t\t\t\t\t\t\n\t\t\t\t\t\t\t\t\t        \t\t\t\t\t\t\t\t\t\t\t\n\t\t\t\t\t\t\t\t\t\t<\/div>\n\t\t\t\t\t\t\t\t\t\t\n\t\t\t\t\t\t\t        \t\t\t\t\t\t\t            <div class=\"tour-category-field-child\">\n\t\t\t\t        \t     \t\t\t<input \n\t\t\t\t        \t     \t\t\t\tid=\"tour-category-filter-ramazan-umre-paketleri\" type=\"checkbox\" \n\t\t\t\t        \t     \t\t\t\tclass=\"tour-category-filter\" \n\t\t\t\t        \t     \t\t\t\tname=\"category_value\" \n\t\t\t\t        \t     \t\t\t\tvalue=\"ramazan-umre-paketleri\" \n\t\t\t\t        \t     \t\t\t\t\/>\n\n\t\t\t\t\t        \t     \t\t<label for=\"tour-category-filter-ramazan-umre-paketleri\">\n\t\t\t\t\t\t\t\t\t\t\t\t<span class=\"tour-category-name\">\n\t\t\t\t\t\t\t\t\t\t\t\t\tRamadan Umrah Pakete\t\t\t\t\t\t\t\t\t\t\t\t<\/span>\n\t\t\t\t\t\t\t\t\t\t\t<\/label>\n\t\t\t\t\t\t\t\t\t\t\t\n\t\t\t\t\t\t\t\t\t\t\t\n\t\t\t\t\t\t\t\t\t        \t\t\t\t\t\t\t\t\t\t\t\n\t\t\t\t\t\t\t\t\t\t<\/div>\n\t\t\t\t\t\t\t\t\t\t\n\t\t\t\t\t\t\t         \n\n\t\t\t        \t     \t<\/div>\n\t\t\t        \t    \t        \t     \t\t        \t    <\/div>\n\t        \t    \t        \t    <!-- Duration Filter -->\n\t        \t\t\t\t        \t    <div class=\"search-advanced-field tour-duration-field\">\n\t\t        \t    \t<span class=\"ovabrw-label\">\n\t\t        \t    \t\tDauer\t\t        \t    \t<\/span>\n\t\t        \t    \t\t\t                \t\t<div class=\"duration-field\">\n\t\t\t                \t\t<input id=\"duration-filter-0\" type=\"radio\" class=\"duration-filter\" name=\"duration_value_from\" value=\"1\">\n\t\t\t                \t\t<input type=\"hidden\" class=\"duration-filter-to\" name=\"duration_value_to\" value=\"3\">\n\t\t\t                \t\t<input type=\"hidden\" class=\"duration-filter-type\" name=\"duration_value_type\" value=\"day\">\n\n\t\t\t        \t     \t\t<label for=\"duration-filter-0\">\n\t\t\t\t\t\t\t\t\t\t<span class=\"duration-name\">\n\t\t\t\t\t\t\t\t\t\t\t1-3 G\u00fcn\t\t\t\t\t\t\t\t\t\t<\/span>\n\t\t\t\t\t\t\t\t\t<\/label>\n\t\t                \t\t<\/div>\n\t\t                \t\t\t                \t\t<div class=\"duration-field\">\n\t\t\t                \t\t<input id=\"duration-filter-1\" type=\"radio\" class=\"duration-filter\" name=\"duration_value_from\" value=\"3\">\n\t\t\t                \t\t<input type=\"hidden\" class=\"duration-filter-to\" name=\"duration_value_to\" value=\"9\">\n\t\t\t                \t\t<input type=\"hidden\" class=\"duration-filter-type\" name=\"duration_value_type\" value=\"day\">\n\n\t\t\t        \t     \t\t<label for=\"duration-filter-1\">\n\t\t\t\t\t\t\t\t\t\t<span class=\"duration-name\">\n\t\t\t\t\t\t\t\t\t\t\t+3 G\u00fcn\t\t\t\t\t\t\t\t\t\t<\/span>\n\t\t\t\t\t\t\t\t\t<\/label>\n\t\t                \t\t<\/div>\n\t\t                \t\t\t                \t\t<div class=\"duration-field\">\n\t\t\t                \t\t<input id=\"duration-filter-2\" type=\"radio\" class=\"duration-filter\" name=\"duration_value_from\" value=\"10\">\n\t\t\t                \t\t<input type=\"hidden\" class=\"duration-filter-to\" name=\"duration_value_to\" value=\"\">\n\t\t\t                \t\t<input type=\"hidden\" class=\"duration-filter-type\" name=\"duration_value_type\" value=\"day\">\n\n\t\t\t        \t     \t\t<label for=\"duration-filter-2\">\n\t\t\t\t\t\t\t\t\t\t<span class=\"duration-name\">\n\t\t\t\t\t\t\t\t\t\t\t+10\t\t\t\t\t\t\t\t\t\t<\/span>\n\t\t\t\t\t\t\t\t\t<\/label>\n\t\t                \t\t<\/div>\n\t\t                \t\t\t        \t    <\/div>\n\t\t        \t\t        \t<\/div>\n\t        <\/div>\n\t    \n\t    <!-- Filter -->\n\t\t\t        <div class=\"ovabrw-tour-filter\">\n\t        \t\n\t        \t<div class=\"left-filter\">\n\t        \t\t<span class=\"tour-found-text number-result-tour-found\">\n\t\t        \t\t0\t\t        \t<\/span>\n\t        \t\t<span class=\"tour-found-text\">\n\t\t        \t\tTouren gefunden\t\t        \t<\/span>\n\t\t        \t<span class=\"clear-filter\">\n\t\t        \t\tFilter zur\u00fccksetzen\t\t        \t<\/span>\n\t        \t<\/div>\n\n\t        \t<div class=\"right-filter\">\n\t        \t\t<div class=\"filter-sort\">\n\n\t        \t\t\t<input type=\"text\" class=\"input_select_input\" name=\"sr_sort_by_label\" value=\"Sort by\" autocomplete=\"off\" readonly=\"readonly\">\n\n\t\t\t\t\t\t<input type=\"hidden\" class=\"input_select_input_value\" name=\"sr_sort_by\" value=\"id_desc\">\n\n\t\t\t\t\t\t<ul class=\"input_select_list\" style=\"display: none;\">\n\t\t\t\t\t\t    <li class=\"term_item term_item_selected\" \n\t\t\t\t\t\t    \tdata-id=\"id_desc\" \n\t\t\t\t\t\t    \tdata-value=\"Sort by latest\"\n\t\t\t\t\t\t    >\n\t\t\t\t\t\t\t    Latest\t\t\t\t\t\t\t<\/li>\n\t\t\t\t\t\t\t<li class=\"term_item\" \n\t\t\t\t\t\t\t\tdata-id=\"rating_desc\" \n\t\t\t\t\t\t\t\tdata-value=\"Sort by rating\"\n\t\t\t\t\t\t\t>\n\t\t\t\t\t\t\t\tRating\t\t\t\t\t\t\t<\/li>\n\t\t\t\t\t\t\t<li class=\"term_item\" \n\t\t\t\t\t\t\t\tdata-id=\"price_asc\" \n\t\t\t\t\t\t\t\tdata-value=\"Sort by price: low to high\"\n\t\t\t\t\t\t\t>\n\t\t\t\t\t\t\t\tPrice: low to high\t\t\t\t\t\t\t<\/li>\n\t\t\t\t\t\t\t<li class=\"term_item\" \n\t\t\t\t\t\t\t\tdata-id=\"price_desc\" \n\t\t\t\t\t\t\t\tdata-value=\"Sort by price: high to low\"\n\t\t\t\t\t\t\t>\n\t\t\t\t\t\t\t\tPrice: high to low\t\t\t\t\t\t\t<\/li>\n\t\t\t\t\t\t<\/ul>\n\t\t\t\t\t<\/div>\n\n\t\t\t\t\t<div class=\"asc_desc_sort\">\n\t        \t\t\t<i aria-hidden=\"true\" class=\"asc_sort icomoon icomoon-chevron-up\"><\/i>\n\t        \t\t    <i aria-hidden=\"true\" class=\"desc_sort icomoon icomoon-chevron-down\"><\/i>\n\t        \t\t<\/div>\n\n\t        \t\t<div class=\"filter-result-layout\">\n\t\t        \t\t<i aria-hidden=\"true\" class=\"filter-layout  icomoon icomoon-list\" data-layout=\"list\"><\/i>\n\t\t\t\t\t\t<i aria-hidden=\"true\" class=\"filter-layout filter-layout-active icomoon icomoon-gird\" data-layout=\"grid\"><\/i>\n\t\t\t\t\t<\/div>\n\t         \t<\/div>\t\n\t        <\/div>\n\t    \n\t\t<!-- Load more -->\n\t\t<div class=\"wrap-load-more\" style=\"display: none;\">\n\t\t\t<svg class=\"loader\" width=\"50\" height=\"50\">\n\t\t\t\t<circle cx=\"25\" cy=\"25\" r=\"10\" \/>\n\t\t\t\t<circle cx=\"25\" cy=\"25\" r=\"20\" \/>\n\t\t\t<\/svg>\n\t\t<\/div>\n\t\t<!-- End load more -->\n\n\t\t<!-- Search result -->\n\t\t\t\t\t\t\t\t\t<div \n\t\t\t\t\tid=\"brw-search-ajax-result\" \n\t\t\t\t\tclass=\"brw-search-ajax-result\" \n\t\t\t\t\tdata-order=\"DESC\" \n\t\t\t\t\tdata-orderby=\"ID\" \n\t\t\t\t\tdata-defautl-category=\"[]\" \n\t\t\t\t\tdata-show-category=\"yes\" \n\t\t\t\t\tdata-orderby_meta_key=\"\" \n\t\t\t\t\tdata-posts-per-page=\"12\">\n\t\t\t\t<\/div>\n\t\t\t\t\t    <\/div>\n<\/div>\t\t<\/div>\n\t\t\t\t<\/div>\n\t\t\t\t\t\t<\/div>\n\t\t\t\t\t<\/div>\n\t\t<\/div>\n\t\t\t\t\t\t\t\t<\/div>\n\t\t\t\t\t<\/div>\n\t\t<\/section>\n\t\t\t\t\t\t\t\t\t<\/div>\n\t\t\t<\/div>\n\t\t\t\t\t<\/div>","protected":false},"excerpt":{"rendered":"<p>Gidilecek Yer Nereye gitmek istiyorsun?BosnaHacKud\u00fcsM\u0131s\u0131rUmre Gidi\u015f Tarihi Yolcu Say\u0131s\u0131 1 Ki\u015fi Yeti\u015fkin \u00c7ocuk Bebek Geli\u015fmi\u015f Arama Fiyat Filtresi De\u011ferlendirme Puan\u0131 Kategori Umre Ramazan Umre Paketleri Yeni Y\u0131l Umre Paketleri Ocak Umre Paketleri S\u00fcre 1-3 G\u00fcn +3 G\u00fcn +10 0 Tur bulundu Filtreyi Temizle Latest Rating Price: low to high Price: high to low<\/p>","protected":false},"author":1,"featured_media":0,"parent":0,"menu_order":0,"comment_status":"closed","ping_status":"closed","template":"","meta":{"footnotes":""},"class_list":["post-3872","page","type-page","status-publish","hentry"],"_links":{"self":[{"href":"https:\/\/kanaattravel.de\/de\/wp-json\/wp\/v2\/pages\/3872","targetHints":{"allow":["GET"]}}],"collection":[{"href":"https:\/\/kanaattravel.de\/de\/wp-json\/wp\/v2\/pages"}],"about":[{"href":"https:\/\/kanaattravel.de\/de\/wp-json\/wp\/v2\/types\/page"}],"author":[{"embeddable":true,"href":"https:\/\/kanaattravel.de\/de\/wp-json\/wp\/v2\/users\/1"}],"replies":[{"embeddable":true,"href":"https:\/\/kanaattravel.de\/de\/wp-json\/wp\/v2\/comments?post=3872"}],"version-history":[{"count":16,"href":"https:\/\/kanaattravel.de\/de\/wp-json\/wp\/v2\/pages\/3872\/revisions"}],"predecessor-version":[{"id":10475,"href":"https:\/\/kanaattravel.de\/de\/wp-json\/wp\/v2\/pages\/3872\/revisions\/10475"}],"wp:attachment":[{"href":"https:\/\/kanaattravel.de\/de\/wp-json\/wp\/v2\/media?parent=3872"}],"curies":[{"name":"wp","href":"https:\/\/api.w.org\/{rel}","templated":true}]}}