{"id":500,"date":"2023-12-25T01:17:14","date_gmt":"2023-12-25T00:17:14","guid":{"rendered":"https:\/\/kanaat.blauer-rhein-agentur.de\/?page_id=500"},"modified":"2024-02-16T15:14:55","modified_gmt":"2024-02-16T14:14:55","slug":"kuenye","status":"publish","type":"page","link":"https:\/\/kanaattravel.de\/de\/impressum\/","title":{"rendered":"Impressum"},"content":{"rendered":"<p><strong>Betreiber und Kontakt:<\/strong><\/p>\n\n\n\n<p>Kanaat Travel GmbH<br>Bensheimer Str 53<br>65428 R\u00fcsselsheim am Main<\/p>\n\n\n\n<p><strong>Telefonnummer:<\/strong><br>+49 1522-693 44 42<\/p>\n\n\n\n<p><strong>Whatsapp Hotline: <\/strong><a href=\"tel: 491795291981\">+49 179 529 1981<\/a><strong><br>\u00d6ffnungszeiten Mo.-Sa.:&nbsp;<\/strong>10 \u2013 18 Uhr<\/p>\n\n\n\n<p><strong>E-Mail-Adresse:<\/strong><br><a href=\"mailto:info@kanaattravel.com\">info@kanaattravel.com<\/a><\/p>\n\n\n\n<p><strong>Gesch\u00e4ftsf\u00fchrer:&nbsp;<\/strong>D\u00fcndar<br><strong>Sitz der Gesellschaft:<\/strong>&nbsp;Darmstadt Amtsgericht<br><strong>Steuer-Nr.:<\/strong>&nbsp;21 237 00064&nbsp;<strong>USt-ID-Nr.:<\/strong>&nbsp;DE331714085<\/p>","protected":false},"excerpt":{"rendered":"<p>Betreiber und Kontakt: Kanaat Travel GmbHBensheimer Str 5365428 R\u00fcsselsheim am Main Telefonnummer:+49 1522-693 44 42 Whatsapp Hotline: +49 179 529 1981\u00d6ffnungszeiten Mo.-Sa.:&nbsp;10 \u2013 18 Uhr E-Mail-Adresse:info@kanaattravel.com Gesch\u00e4ftsf\u00fchrer:&nbsp;D\u00fcndarSitz der Gesellschaft:&nbsp;Darmstadt AmtsgerichtSteuer-Nr.:&nbsp;21 237 00064&nbsp;USt-ID-Nr.:&nbsp;DE331714085<\/p>","protected":false},"author":1,"featured_media":0,"parent":0,"menu_order":0,"comment_status":"closed","ping_status":"closed","template":"","meta":{"footnotes":""},"class_list":["post-500","page","type-page","status-publish","hentry"],"_links":{"self":[{"href":"https:\/\/kanaattravel.de\/de\/wp-json\/wp\/v2\/pages\/500","targetHints":{"allow":["GET"]}}],"collection":[{"href":"https:\/\/kanaattravel.de\/de\/wp-json\/wp\/v2\/pages"}],"about":[{"href":"https:\/\/kanaattravel.de\/de\/wp-json\/wp\/v2\/types\/page"}],"author":[{"embeddable":true,"href":"https:\/\/kanaattravel.de\/de\/wp-json\/wp\/v2\/users\/1"}],"replies":[{"embeddable":true,"href":"https:\/\/kanaattravel.de\/de\/wp-json\/wp\/v2\/comments?post=500"}],"version-history":[{"count":2,"href":"https:\/\/kanaattravel.de\/de\/wp-json\/wp\/v2\/pages\/500\/revisions"}],"predecessor-version":[{"id":10501,"href":"https:\/\/kanaattravel.de\/de\/wp-json\/wp\/v2\/pages\/500\/revisions\/10501"}],"wp:attachment":[{"href":"https:\/\/kanaattravel.de\/de\/wp-json\/wp\/v2\/media?parent=500"}],"curies":[{"name":"wp","href":"https:\/\/api.w.org\/{rel}","templated":true}]}}