{"id":549,"date":"2023-12-25T01:17:43","date_gmt":"2023-12-25T00:17:43","guid":{"rendered":"https:\/\/kanaat.blauer-rhein-agentur.de\/?page_id=549"},"modified":"2024-09-25T14:32:59","modified_gmt":"2024-09-25T12:32:59","slug":"banka-bilgileri","status":"publish","type":"page","link":"https:\/\/kanaattravel.de\/de\/banka-bilgileri\/","title":{"rendered":"Zahlungsinformationen"},"content":{"rendered":"<p><strong>Kontoinhaber<\/strong>\u00a0Kanaat Travel GmbH<\/p>\n\n\n\n<p><strong>KT Bank AG<\/strong><\/p>\n\n\n\n<p><strong>IBAN:<\/strong> DE24 5023 4500 0345 0500 01<br><strong>BIC-SWIFT:<\/strong>&nbsp;KTAGDEFFXXX<\/p>\n\n\n\n<p>F\u00fchren Sie die \u00dcberweisung auf das Konto entsprechend dem von Ihnen gew\u00e4hlten Paket und der von Ihnen gew\u00e4hlten Saison durch und als Verwendungszweck bitte die Rechnungsnummer angeben. <\/p>","protected":false},"excerpt":{"rendered":"<p>Hesap sahibi:\u00a0Kanaat Travel GmbH KT Bank AG IBAN: DE24 5023 4500 0345 0500 01BIC-SWIFT:&nbsp;KTAGDEFFXXX Hesaba havaleyi se\u00e7ti\u011finiz paket ve sezona g\u00f6re yap\u0131n\u0131z ve l\u00fctfen a\u00e7\u0131klamada gelen fatura daki numaray\u0131 yaz\u0131n\u0131z.<\/p>","protected":false},"author":1,"featured_media":0,"parent":0,"menu_order":0,"comment_status":"closed","ping_status":"closed","template":"","meta":{"footnotes":""},"class_list":["post-549","page","type-page","status-publish","hentry"],"_links":{"self":[{"href":"https:\/\/kanaattravel.de\/de\/wp-json\/wp\/v2\/pages\/549","targetHints":{"allow":["GET"]}}],"collection":[{"href":"https:\/\/kanaattravel.de\/de\/wp-json\/wp\/v2\/pages"}],"about":[{"href":"https:\/\/kanaattravel.de\/de\/wp-json\/wp\/v2\/types\/page"}],"author":[{"embeddable":true,"href":"https:\/\/kanaattravel.de\/de\/wp-json\/wp\/v2\/users\/1"}],"replies":[{"embeddable":true,"href":"https:\/\/kanaattravel.de\/de\/wp-json\/wp\/v2\/comments?post=549"}],"version-history":[{"count":4,"href":"https:\/\/kanaattravel.de\/de\/wp-json\/wp\/v2\/pages\/549\/revisions"}],"predecessor-version":[{"id":10588,"href":"https:\/\/kanaattravel.de\/de\/wp-json\/wp\/v2\/pages\/549\/revisions\/10588"}],"wp:attachment":[{"href":"https:\/\/kanaattravel.de\/de\/wp-json\/wp\/v2\/media?parent=549"}],"curies":[{"name":"wp","href":"https:\/\/api.w.org\/{rel}","templated":true}]}}