{"id":558,"date":"2023-12-25T01:17:14","date_gmt":"2023-12-25T00:17:14","guid":{"rendered":"https:\/\/kanaat.blauer-rhein-agentur.de\/?page_id=558"},"modified":"2024-02-01T00:47:06","modified_gmt":"2024-01-31T23:47:06","slug":"vize-sartlari-ve-kayit-icin-gerekli-belgeler","status":"publish","type":"page","link":"https:\/\/kanaattravel.de\/de\/visumbedingungen-und-fuer-die-registrierung-erforderliche-dokumente\/","title":{"rendered":"Visumbedingungen und f\u00fcr die Registrierung erforderliche Dokumente"},"content":{"rendered":"<p><strong>Erforderliche Dokumente f\u00fcr t\u00fcrkische B\u00fcrger:<\/strong><\/p>\n\n\n\n<ul class=\"wp-block-list\">\n<li>Reisepass (mindestens 6 Monate ab Flugdatum g\u00fcltig)<\/li>\n<\/ul>\n\n\n\n<p><strong>Erforderliche Dokumente f\u00fcr deutsche B\u00fcrger:<\/strong><\/p>\n\n\n\n<ul class=\"wp-block-list\">\n<li>Reisepass (mindestens 6 Monate ab Flugdatum g\u00fcltig)<\/li>\n<\/ul>","protected":false},"excerpt":{"rendered":"<p>T\u00fcrk Vatanda\u015flar\u0131 \u0130\u00e7in Gerekli Belgeler: Alman Vatanda\u015flar\u0131 \u0130\u00e7in Gerekli Belgeler:<\/p>","protected":false},"author":1,"featured_media":0,"parent":0,"menu_order":0,"comment_status":"closed","ping_status":"closed","template":"","meta":{"footnotes":""},"class_list":["post-558","page","type-page","status-publish","hentry"],"_links":{"self":[{"href":"https:\/\/kanaattravel.de\/de\/wp-json\/wp\/v2\/pages\/558","targetHints":{"allow":["GET"]}}],"collection":[{"href":"https:\/\/kanaattravel.de\/de\/wp-json\/wp\/v2\/pages"}],"about":[{"href":"https:\/\/kanaattravel.de\/de\/wp-json\/wp\/v2\/types\/page"}],"author":[{"embeddable":true,"href":"https:\/\/kanaattravel.de\/de\/wp-json\/wp\/v2\/users\/1"}],"replies":[{"embeddable":true,"href":"https:\/\/kanaattravel.de\/de\/wp-json\/wp\/v2\/comments?post=558"}],"version-history":[{"count":10,"href":"https:\/\/kanaattravel.de\/de\/wp-json\/wp\/v2\/pages\/558\/revisions"}],"predecessor-version":[{"id":10492,"href":"https:\/\/kanaattravel.de\/de\/wp-json\/wp\/v2\/pages\/558\/revisions\/10492"}],"wp:attachment":[{"href":"https:\/\/kanaattravel.de\/de\/wp-json\/wp\/v2\/media?parent=558"}],"curies":[{"name":"wp","href":"https:\/\/api.w.org\/{rel}","templated":true}]}}