{"id":10072,"date":"2025-05-01T01:10:43","date_gmt":"2025-04-30T23:10:43","guid":{"rendered":"https:\/\/kanaat.blauer-rhein-agentur.de\/?post_type=product&#038;p=10072"},"modified":"2025-12-26T23:42:39","modified_gmt":"2025-12-26T22:42:39","slug":"30-guen-frankfurt","status":"publish","type":"product","link":"https:\/\/kanaattravel.de\/de\/turlar\/umrah\/ramadan-umrah-pakete\/30-tage-frankfurt\/","title":{"rendered":"30 Tage Frankfurt"},"content":{"rendered":"<h4>Unsere Leistungen<\/h4>\n<ul class=\"list_ok\">\n<li>R\u00fcckflugticket (Europa \u2013 Medina \u2013 Medina \u2013 Europa)<\/li>\n<li>Die Hotelkosten f\u00fcr Mekka und Medina.<\/li>\n<li>Die Kosten f\u00fcr die interurbanen Busfahrten (Dschidda-Mekka, Mekka-Medina, Medina-Flughafen)<\/li>\n<li>Besuche der heiligen St\u00e4tten in Mekka und Medina<\/li>\n<li>F\u00fchrungen<\/li>\n<li>Geschenke: Ihram (f\u00fcr M\u00e4nner), Kopftuch und Gebetsteppich f\u00fcr Frauen, Handtasche, Rucksack, Gep\u00e4ckanh\u00e4nger, Gebetszeitenheft, Tawaf-Rosenkranz, Tawaf-Gebete, Umrah-F\u00fchrer, Umrah-Gebetsbuch usw.<\/li>\n<li>Gesundheitsdienstleistungen<\/li>\n<li>T\u00e4gliches Fr\u00fchst\u00fcck und Abendessen<\/li>\n<\/ul>\n<p>* Die Tourdaten k\u00f6nnen je nach Flugbedingungen um 2 Tage variieren.<br \/>\n* Sie k\u00f6nnen hier unseren Katalog f\u00fcr Umrah-Programme an europ\u00e4ischen Feiertagen und anderen staatlichen Feiertagen einsehen.<\/p>\n<h4>Weitere Informationen<\/h4>\n<ul>\n<li>Die Zimmer sind auf 4 Personen ausgelegt. Ein Doppelzimmer kostet 200,00,-\u20ac pro Person (au\u00dfer zu Ramadan und den Hadsch)<\/li>\n<li>Die Reisekosten f\u00fcr 0-23 Monate alte S\u00e4uglinge und Kleinkinder betr\u00e4gt 500,00,-\u20ac pro Kind.<\/li>\n<li>Die Reisekosten f\u00fcr 2-11 Jahre alte Kinder betragen 100,00,-\u20ac weniger als der Standardpreis.<\/li>\n<li>Die Kosten f\u00fcr das Visum f\u00fcr den Umrah sind f\u00fcr Personen mit einem Reisepass der Europ\u00e4ischen Union und einem Reisepass der T\u00fcrkei im Paketpreis inbegriffen. F\u00fcr Personen mit einem Asylstatus wird eine gesonderte Visumgeb\u00fchr erhoben.<\/li>\n<\/ul>","protected":false},"excerpt":{"rendered":"<p>Sundu\u011fumuz hizmetler Gidi\u015f \u2013 D\u00f6n\u00fc\u015f u\u00e7ak bileti (Avrupa-Cidde \/ Medine-Avrupa) Mekke ve Medine\u2019de otel \u00fccretleri \u015eehirler aras\u0131 otob\u00fcs seyahat masraflar\u0131. (Cidde-Mekke, Mekke-Medine, Medine-Havaalan\u0131) Mekke ve Medine\u2019de kutsal mekanlar\u0131 ziyaretler Rehberlik hizmetleri Hediyeler: \u0130hram (erkekler i\u00e7in), Bayanlar i\u00e7in ba\u015f\u00f6rt\u00fcs\u00fc seccade, El \u00e7antas\u0131,S\u0131rt \u00c7antas\u0131, Valiz etiketi,Dua Zaman\u0131 kitap\u00e7\u0131\u011f\u0131,Tavaf Tesbihi, Tavaf dualar\u0131, Umre Rehberi, Umre dualar\u0131 kitab\u0131 vb. [&hellip;]<\/p>","protected":false},"featured_media":10704,"template":"","meta":[],"product_cat":[130,87],"product_tag":[],"class_list":{"0":"post-10072","1":"product","2":"type-product","3":"status-publish","4":"has-post-thumbnail","6":"product_cat-ramazan-umre-paketleri","7":"product_cat-umre","9":"first","10":"instock","11":"shipping-taxable","12":"purchasable","13":"product-type-ovabrw_car_rental"},"_links":{"self":[{"href":"https:\/\/kanaattravel.de\/de\/wp-json\/wp\/v2\/product\/10072","targetHints":{"allow":["GET"]}}],"collection":[{"href":"https:\/\/kanaattravel.de\/de\/wp-json\/wp\/v2\/product"}],"about":[{"href":"https:\/\/kanaattravel.de\/de\/wp-json\/wp\/v2\/types\/product"}],"wp:featuredmedia":[{"embeddable":true,"href":"https:\/\/kanaattravel.de\/de\/wp-json\/wp\/v2\/media\/10704"}],"wp:attachment":[{"href":"https:\/\/kanaattravel.de\/de\/wp-json\/wp\/v2\/media?parent=10072"}],"wp:term":[{"taxonomy":"product_cat","embeddable":true,"href":"https:\/\/kanaattravel.de\/de\/wp-json\/wp\/v2\/product_cat?post=10072"},{"taxonomy":"product_tag","embeddable":true,"href":"https:\/\/kanaattravel.de\/de\/wp-json\/wp\/v2\/product_tag?post=10072"}],"curies":[{"name":"wp","href":"https:\/\/api.w.org\/{rel}","templated":true}]}}